{"id":3314,"date":"2026-01-07T15:29:00","date_gmt":"2026-01-07T14:29:00","guid":{"rendered":"https:\/\/www.scikeys.org\/dev\/?page_id=3314"},"modified":"2026-01-07T15:42:06","modified_gmt":"2026-01-07T14:42:06","slug":"access-points-fr","status":"publish","type":"page","link":"https:\/\/www.scikeys.org\/dev\/fr\/access-points-fr\/","title":{"rendered":"Programme de points d&#8217;acc\u00e8s et de pr\u00eat d&#8217;ordinateurs"},"content":{"rendered":"\n<style>\n:root {\n  --accent:#0b6b4f;\n  --accent2:#0a7b58;\n  --bg:#f7f9f8;\n  --card:#ffffff;\n  --muted:#6b6b6b;\n}\n\n\/* Espacement et alignement pour la version fran\u00e7aise en dev *\/\n#project-container {\n  padding-top: 60px;\n  background-color: var(--bg);\n  direction: ltr; \/* De gauche \u00e0 droite pour le fran\u00e7ais *\/\n}\n\nheader.donation-header {\n  display:flex;\n  flex-direction:column;\n  align-items:center;\n  gap:16px;\n  text-align:center;\n  max-width: 900px;\n  margin: 0 auto;\n}\n\nheader.donation-header h1 {margin:0; font-size:1.8rem; font-weight: bold;}\nheader.donation-header p.lead {margin:12px 0 20px; color:var(--muted); line-height: 1.6;}\n\nmain.donation-main {display:flex; flex-direction:column; gap:20px; max-width: 900px; margin: 0 auto;}\n\n.card {\n  background:var(--card);\n  padding:25px;\n  border-radius:12px; \n  box-shadow:0 6px 18px rgba(16,24,40,0.06);\n  text-align: left; \/* Alignement \u00e0 gauche pour le fran\u00e7ais *\/\n}\n\n.cta {\n  background:linear-gradient(90deg,var(--accent),var(--accent2));\n  color:#fff;\n  padding:25px;\n  border-radius:12px;\n  text-align:center;\n  margin-bottom: 20px;\n}\n.cta p {color:#fff !important; margin: 0; font-weight: 500;}\n\n.muted {color:var(--muted); font-size:0.95rem; line-height: 1.8;}\n\n.copy-btn {\n  background:var(--accent);\n  color:#fff;\n  border:none;\n  padding:6px 12px;\n  border-radius:6px;\n  cursor:pointer;\n  font-size:14px;\n}\n.copy-btn:hover {background:var(--accent2);}\n\n.bank-info {\n  direction:ltr; \n  text-align:left; \n  font-family:monospace; \n  background: #fafafa; \n  padding: 15px; \n  border-radius: 8px;\n}\n.bank-item {\n  margin-bottom:10px; \n  display:flex; \n  justify-content:space-between; \n  align-items:center;\n  border-bottom: 1px dashed #ddd;\n  padding-bottom: 5px;\n}\n\nbutton.toggle-bank {\n  background:#777;\n  color:#fff;\n  padding:12px 24px;\n  border-radius:8px;\n  cursor:pointer;\n  font-weight:600;\n  border: none;\n}\nbutton.toggle-bank:hover {background:#555;}\n<\/style>\n\n<div id=\"project-container\">\n  <header class=\"donation-header\">\n    <div>\n      <h1>Programme de points d&#8217;acc\u00e8s et de pr\u00eat d&#8217;ordinateurs<\/h1>\n      <p class=\"lead\">\n        Le programme <strong>Points d&#8217;acc\u00e8s et pr\u00eat d&#8217;ordinateurs<\/strong> vise \u00e0 \u00e9tablir un r\u00e9seau de points \u00e9quip\u00e9s d&#8217;ordinateurs et d&#8217;acc\u00e8s \u00e0 Internet dans diff\u00e9rentes r\u00e9gions syriennes, au b\u00e9n\u00e9fice des \u00e9tudiants et des jeunes pour les projets de l&#8217;association (d\u00e9veloppement des langues \u00e9trang\u00e8res, formations pratiques, laboratoires universitaires). \n        Les ordinateurs peuvent \u00e9galement \u00eatre pr\u00eat\u00e9s aux \u00e9tudiants pour leurs projets acad\u00e9miques et recherches, tout en restant la propri\u00e9t\u00e9 de l&#8217;association pour garantir une utilisation durable. \n        Nous avons obtenu une salle d&#8217;\u00e9quipement \u00e0 <a href=\"https:\/\/damascusuniversity.edu.sy\/fmee\/\" target=\"_blank\">FME College, Universit\u00e9 de Damas<\/a>, et le premier lot d&#8217;ordinateurs arrivera bient\u00f4t.\n      <\/p>\n    <\/div>\n  <\/header>\n\n  <main class=\"donation-main\">\n    <div class=\"cta\">\n      <p>\u2728 Contribuez maintenant et faites partie du succ\u00e8s du programme ! Nous vous accueillons parmi nos soutiens. \u2728<\/p>\n    <\/div>\n\n    <section class=\"card\" style=\"text-align:center;\">\n      <h3>\ud83d\udcbb\ud83d\udcb0 Soutenir le programme<\/h3>\n      <h4>Choisissez la m\u00e9thode qui vous convient pour soutenir le programme Points d&#8217;acc\u00e8s :<\/h4>\n\n      <div style=\"margin:20px 0; display:flex; flex-direction:column; align-items:center; gap:8px;\">\n        <strong>Faire don d&#8217;un ordinateur usag\u00e9<\/strong>\n        <a href=\"https:\/\/api.whatsapp.com\/send?phone=4915755229655&#038;text=Bonjour%20%C3%A9quipe%20des%20Points%20d%27acc%C3%A8s%2C%20je%20souhaite%20faire%20don%20d%27un%20ordinateur%20pour%20soutenir%20le%20programme.%20Veuillez%20m%27envoyer%20les%20d%C3%A9tails%20pour%20la%20r%C3%A9ception%20et%20les%20proc%C3%A9dures.\" \n           target=\"_blank\"\n           style=\"background:var(--accent);color:#fff;padding:12px 24px;border-radius:8px;text-decoration:none;font-weight:600;\">\n          WhatsApp\n        <\/a>\n      <\/div>\n\n      <div style=\"margin:20px 0; display:flex; flex-direction:column; align-items:center; gap:8px;\">\n        <strong>Don financier ou co\u00fbt d&#8217;un ordinateur<\/strong>\n        <div style=\"display:flex; gap:12px; flex-wrap:wrap; justify-content:center; margin-top:6px;\">\n          <div id=\"paypal-donate-button\" style=\"display:inline-block;\"><\/div>\n          <button id=\"show-bank\" class=\"toggle-bank\">Virement bancaire<\/button>\n        <\/div>\n      <\/div>\n\n      <div id=\"bank-info\" style=\"display:none; margin-top:16px;\">\n        <div class=\"bank-info\">\n          <div class=\"bank-item\"><strong>R\u00e9f\u00e9rence<\/strong><div style=\"display:flex;gap:6px;\"><span>Donation Reach Points<\/span><button class=\"copy-btn\" onclick=\"navigator.clipboard.writeText('Donation Reach Points')\">Copier<\/button><\/div><\/div>\n          <div class=\"bank-item\"><strong>Titulaire du compte<\/strong><div style=\"display:flex;gap:6px;\"><span>SCIENCES KEYS<\/span><button class=\"copy-btn\" onclick=\"navigator.clipboard.writeText('SCIENCES KEYS')\">Copier<\/button><\/div><\/div>\n          <div class=\"bank-item\"><strong>BIC<\/strong><div style=\"display:flex;gap:6px;\"><span>TRWIBEB1XXX<\/span><button class=\"copy-btn\" onclick=\"navigator.clipboard.writeText('TRWIBEB1XXX')\">Copier<\/button><\/div><\/div>\n          <div class=\"bank-item\"><strong>IBAN<\/strong><div style=\"display:flex;gap:6px;\"><span>BE14 9054 6308 5683<\/span><button class=\"copy-btn\" onclick=\"navigator.clipboard.writeText('BE14 9054 6308 5683')\">Copier<\/button><\/div><\/div>\n        <\/div>\n      <\/div>\n    <\/section>\n\n    <section class=\"card\">\n      <h3>\ud83d\udccc \u00c0 propos du programme<\/h3>\n      <p class=\"muted\">\n        Le programme est continu et \u00e0 long terme, visant \u00e0 fournir un r\u00e9seau de points \u00e9quip\u00e9s d&#8217;ordinateurs et d&#8217;Internet dans diff\u00e9rentes r\u00e9gions syriennes. \n        D&#8217;autres sites \u00e0 <strong>Idlib et Raqqa<\/strong> seront \u00e9quip\u00e9s progressivement. \n        Nous sommes pr\u00eats \u00e0 collaborer avec les universit\u00e9s et les associations d&#8217;accueil en Syrie au service des jeunes et des \u00e9tudiants.\n      <\/p>\n    <\/section>\n\n    <section class=\"card\">\n      <p class=\"muted\">\n        Les ordinateurs donn\u00e9s restent la propri\u00e9t\u00e9 de l&#8217;association et sont mis \u00e0 disposition sous forme de pr\u00eat pour garantir une utilisation durable. Les \u00e9tudiants peuvent les utiliser pour leurs projets ou t\u00e2ches pendant leurs ann\u00e9es d&#8217;\u00e9tudes. Nous permettons \u00e9galement aux donateurs de suivre l&#8217;\u00e9tat de leurs ordinateurs sur demande.\n      <\/p>\n    <\/section>\n\n    <section class=\"card\" style=\"text-align:center;\">\n      <h3>\ud83e\udd1d Nos partenaires et soutiens<\/h3>\n      <div style=\"display:flex;justify-content:center;align-items:center;gap:30px;flex-wrap:wrap; margin-top: 20px;\">\n        <img decoding=\"async\" src=\"https:\/\/www.rosenberger.com\/_assets\/13052c6802a5fa3a403ac1298f4a2102\/Images\/logo.svg\" alt=\"Rosenberger\" style=\"height:45px;\">\n        <img decoding=\"async\" src=\"https:\/\/damascusuniversity.edu.sy\/fmee\/downloads\/files\/1728811975_logo2.png\" alt=\"Universit\u00e9 de Damas\" style=\"height:60px;\">\n        <img decoding=\"async\" src=\"https:\/\/idlib.university\/wp-content\/uploads\/2020\/11\/%D8%B4%D8%B9%D8%A7%D8%B1-%D8%AC%D8%A7%D9%85%D8%B9%D8%A9-%D8%A7%D8%AF%D9%84%D8%A8-%D8%B9%D8%B1%D8%B6%D9%8A.png\" alt=\"Universit\u00e9 d'Idlib\" style=\"height:50px;\">\n      <\/div>\n    <\/section>\n  <\/main>\n<\/div>\n\n<script src=\"https:\/\/www.paypalobjects.com\/donate\/sdk\/donate-sdk.js\" charset=\"UTF-8\"><\/script>\n<script>\n  if (document.getElementById('paypal-donate-button')) {\n    PayPal.Donation.Button({\n      env:'production',\n      hosted_button_id:'NYTLGX6WHLXPG',\n      image: {\n        src:'https:\/\/www.paypalobjects.com\/en_US\/DK\/i\/btn\/btn_donateCC_LG.gif',\n        alt:'Faire un don avec PayPal',\n      }\n    }).render('#paypal-donate-button');\n  }\n\n  document.getElementById('show-bank')?.addEventListener('click', function(){\n    const info = document.getElementById('bank-info');\n    info.style.display = info.style.display === 'none' ? 'block' : 'none';\n  });\n<\/script>\n","protected":false},"excerpt":{"rendered":"<p>Programme de points d&#8217;acc\u00e8s et de pr\u00eat d&#8217;ordinateurs Le programme Points d&#8217;acc\u00e8s et pr\u00eat d&#8217;ordinateurs vise \u00e0 \u00e9tablir un r\u00e9seau de points \u00e9quip\u00e9s d&#8217;ordinateurs et d&#8217;acc\u00e8s \u00e0 Internet dans diff\u00e9rentes r\u00e9gions syriennes, au b\u00e9n\u00e9fice des \u00e9tudiants et des jeunes pour les projets de l&#8217;association (d\u00e9veloppement des langues \u00e9trang\u00e8res, formations pratiques, laboratoires universitaires). Les ordinateurs peuvent [&hellip;]<\/p>\n","protected":false},"author":2,"featured_media":0,"parent":0,"menu_order":0,"comment_status":"closed","ping_status":"closed","template":"","meta":{"_uag_custom_page_level_css":"","site-sidebar-layout":"default","site-content-layout":"","ast-site-content-layout":"default","site-content-style":"default","site-sidebar-style":"default","ast-global-header-display":"","ast-banner-title-visibility":"","ast-main-header-display":"","ast-hfb-above-header-display":"","ast-hfb-below-header-display":"","ast-hfb-mobile-header-display":"","site-post-title":"disabled","ast-breadcrumbs-content":"","ast-featured-img":"","footer-sml-layout":"","ast-disable-related-posts":"","theme-transparent-header-meta":"","adv-header-id-meta":"","stick-header-meta":"","header-above-stick-meta":"","header-main-stick-meta":"","header-below-stick-meta":"","astra-migrate-meta-layouts":"set","ast-page-background-enabled":"default","ast-page-background-meta":{"desktop":{"background-color":"","background-image":"","background-repeat":"repeat","background-position":"center center","background-size":"auto","background-attachment":"scroll","background-type":"","background-media":"","overlay-type":"","overlay-color":"","overlay-opacity":"","overlay-gradient":""},"tablet":{"background-color":"","background-image":"","background-repeat":"repeat","background-position":"center center","background-size":"auto","background-attachment":"scroll","background-type":"","background-media":"","overlay-type":"","overlay-color":"","overlay-opacity":"","overlay-gradient":""},"mobile":{"background-color":"","background-image":"","background-repeat":"repeat","background-position":"center center","background-size":"auto","background-attachment":"scroll","background-type":"","background-media":"","overlay-type":"","overlay-color":"","overlay-opacity":"","overlay-gradient":""}},"ast-content-background-meta":{"desktop":{"background-color":"var(--ast-global-color-5)","background-image":"","background-repeat":"repeat","background-position":"center center","background-size":"auto","background-attachment":"scroll","background-type":"","background-media":"","overlay-type":"","overlay-color":"","overlay-opacity":"","overlay-gradient":""},"tablet":{"background-color":"var(--ast-global-color-5)","background-image":"","background-repeat":"repeat","background-position":"center center","background-size":"auto","background-attachment":"scroll","background-type":"","background-media":"","overlay-type":"","overlay-color":"","overlay-opacity":"","overlay-gradient":""},"mobile":{"background-color":"var(--ast-global-color-5)","background-image":"","background-repeat":"repeat","background-position":"center center","background-size":"auto","background-attachment":"scroll","background-type":"","background-media":"","overlay-type":"","overlay-color":"","overlay-opacity":"","overlay-gradient":""}},"footnotes":""},"class_list":["post-3314","page","type-page","status-publish","hentry"],"uagb_featured_image_src":{"full":false,"thumbnail":false,"medium":false,"medium_large":false,"large":false,"1536x1536":false,"2048x2048":false},"uagb_author_info":{"display_name":"Ahmad Alalewi","author_link":"https:\/\/www.scikeys.org\/dev\/author\/ahmad-alalewi\/"},"uagb_comment_info":0,"uagb_excerpt":"Programme de points d&#8217;acc\u00e8s et de pr\u00eat d&#8217;ordinateurs Le programme Points d&#8217;acc\u00e8s et pr\u00eat d&#8217;ordinateurs vise \u00e0 \u00e9tablir un r\u00e9seau de points \u00e9quip\u00e9s d&#8217;ordinateurs et d&#8217;acc\u00e8s \u00e0 Internet dans diff\u00e9rentes r\u00e9gions syriennes, au b\u00e9n\u00e9fice des \u00e9tudiants et des jeunes pour les projets de l&#8217;association (d\u00e9veloppement des langues \u00e9trang\u00e8res, formations pratiques, laboratoires universitaires). Les ordinateurs peuvent&hellip;","_links":{"self":[{"href":"https:\/\/www.scikeys.org\/dev\/wp-json\/wp\/v2\/pages\/3314","targetHints":{"allow":["GET"]}}],"collection":[{"href":"https:\/\/www.scikeys.org\/dev\/wp-json\/wp\/v2\/pages"}],"about":[{"href":"https:\/\/www.scikeys.org\/dev\/wp-json\/wp\/v2\/types\/page"}],"author":[{"embeddable":true,"href":"https:\/\/www.scikeys.org\/dev\/wp-json\/wp\/v2\/users\/2"}],"replies":[{"embeddable":true,"href":"https:\/\/www.scikeys.org\/dev\/wp-json\/wp\/v2\/comments?post=3314"}],"version-history":[{"count":2,"href":"https:\/\/www.scikeys.org\/dev\/wp-json\/wp\/v2\/pages\/3314\/revisions"}],"predecessor-version":[{"id":3316,"href":"https:\/\/www.scikeys.org\/dev\/wp-json\/wp\/v2\/pages\/3314\/revisions\/3316"}],"wp:attachment":[{"href":"https:\/\/www.scikeys.org\/dev\/wp-json\/wp\/v2\/media?parent=3314"}],"curies":[{"name":"wp","href":"https:\/\/api.w.org\/{rel}","templated":true}]}}