{"id":3295,"date":"2025-09-20T12:38:58","date_gmt":"2025-09-20T10:38:58","guid":{"rendered":"https:\/\/www.scikeys.org\/dev\/?page_id=3295"},"modified":"2026-01-07T16:22:04","modified_gmt":"2026-01-07T15:22:04","slug":"programmes","status":"publish","type":"page","link":"https:\/\/www.scikeys.org\/dev\/fr\/programmes\/","title":{"rendered":"Programmes et Activit\u00e9s"},"content":{"rendered":"\n<div class=\"wp-block-uagb-container uagb-block-f4faa4a4 alignfull uagb-is-root-container\"><div class=\"uagb-container-inner-blocks-wrap\">\n<div class=\"wp-block-uagb-info-box uagb-block-tf8e3lw2 uagb-infobox__content-wrap  uagb-infobox-icon-above-title uagb-infobox-image-valign-top\"><div class=\"uagb-ifb-content\"><div class=\"uagb-ifb-title-wrap\"><h1 class=\"uagb-ifb-title\">Programmes et Activit\u00e9s<\/h1><\/div><p class=\"uagb-ifb-desc\">Nous nous effor\u00e7ons constamment de d\u00e9velopper nos programmes et activit\u00e9s afin de r\u00e9pondre aux besoins de la communaut\u00e9 acad\u00e9mique syrienne et de saisir les opportunit\u00e9s de collaboration avec les institutions internationales.<\/p><\/div><\/div>\n<\/div><\/div>\n\n\n\n<div class=\"wp-block-uagb-container uagb-block-3f2593ac alignfull uagb-is-root-container\"><div class=\"uagb-container-inner-blocks-wrap\">\n<div class=\"wp-block-uagb-container uagb-block-85c6f3f5\">\n<h3 class=\"wp-block-heading has-text-align-center has-vivid-red-color has-text-color has-link-color wp-elements-e79cf06d470d80ee13d74a0a685d14e3\" style=\"font-size:24px;line-height:1.3\"><strong>Projet de d\u00e9veloppement des langues \u00e9trang\u00e8res<\/strong><\/h3>\n\n\n\n<ul class=\"wp-block-list\">\n<li>Le projet vise \u00e0 aider les \u00e9tudiants \u00e0 d\u00e9velopper les langues suivantes : <strong>Anglais &#8211; Fran\u00e7ais &#8211; Allemand<\/strong>.<\/li>\n\n\n\n<li>Fournir des ressources en libre acc\u00e8s pour permettre \u00e0 l&#8217;\u00e9tudiant de d\u00e9velopper sa langue de mani\u00e8re autonome sans suivre de cours.<\/li>\n\n\n\n<li>Chercher \u00e0 mobiliser des b\u00e9n\u00e9voles locuteurs natifs pour accompagner l&#8217;\u00e9tudiant et l&#8217;aider \u00e0 d\u00e9velopper ses comp\u00e9tences de conversation \u00e0 raison d&#8217;une s\u00e9ance par semaine.<\/li>\n\n\n\n<li>S&#8217;efforcer d&#8217;organiser des formations en fonction de la disponibilit\u00e9 des b\u00e9n\u00e9voles.<\/li>\n\n\n\n<li>Assurer un parrainage financier sous forme de prix r\u00e9compensant l&#8217;engagement de l&#8217;\u00e9tudiant et ses progr\u00e8s prouv\u00e9s.<\/li>\n\n\n\n<li>Le prix couvre les frais de l&#8217;examen standardis\u00e9 n\u00e9cessaire \u00e0 l&#8217;\u00e9tudiant selon ses objectifs (admission universitaire, \u00e9tudes \u00e0 l&#8217;\u00e9tranger, travail \u00e0 distance, etc.).<\/li>\n<\/ul>\n\n\n\n<div class=\"wp-block-uagb-buttons uagb-buttons__outer-wrap uagb-btn__default-btn uagb-btn-tablet__default-btn uagb-btn-mobile__default-btn uagb-block-13280dc3\"><div class=\"uagb-buttons__wrap uagb-buttons-layout-wrap \">\n<div class=\"wp-block-uagb-buttons-child uagb-buttons__outer-wrap uagb-block-cc3cd50f wp-block-button\"><div class=\"uagb-button__wrapper\"><a class=\"uagb-buttons-repeater wp-block-button__link\" aria-label=\"\" href=\"https:\/\/scikeys.org\/fr\/lingorise-fr\/\" rel=\"follow noopener\" target=\"_self\" role=\"button\"><div class=\"uagb-button__link\"><strong><strong>En savoir plus sur le projet<\/strong><\/strong><\/div><\/a><\/div><\/div>\n<\/div><\/div>\n<\/div>\n\n\n\n<div class=\"wp-block-uagb-container uagb-block-55ed6435\">\n<h3 class=\"wp-block-heading has-text-align-center has-vivid-red-color has-text-color has-link-color wp-elements-7451ca67ad06ad61b1ff45a4bb5138ff\" style=\"font-size:24px;line-height:1.3\"><strong>Programme des Points d&#8217;Acc\u00e8s<\/strong><\/h3>\n\n\n\n<ul class=\"wp-block-list\">\n<li>Le projet vise \u00e0 fournir un r\u00e9seau de points d&#8217;acc\u00e8s, \u00e9quip\u00e9s d&#8217;ordinateurs et d&#8217;internet, dans diverses r\u00e9gions de Syrie.<\/li>\n\n\n\n<li>Points d&#8217;acc\u00e8s polyvalents : Ils peuvent \u00eatre utilis\u00e9s par les \u00e9tudiants pour b\u00e9n\u00e9ficier des projets de l&#8217;association, tels que le Projet de d\u00e9veloppement des langues \u00e9trang\u00e8res, ou pour suivre des formations pratiques.<\/li>\n\n\n\n<li>Ils peuvent \u00e9galement servir de laboratoires \u00e0 la disposition de l&#8217;universit\u00e9 ou de l&#8217;association d&#8217;accueil du point d&#8217;acc\u00e8s au service des jeunes.<\/li>\n<\/ul>\n\n\n\n<div class=\"wp-block-uagb-buttons uagb-buttons__outer-wrap uagb-btn__default-btn uagb-btn-tablet__default-btn uagb-btn-mobile__default-btn uagb-block-bdaf5ae2\"><div class=\"uagb-buttons__wrap uagb-buttons-layout-wrap \">\n<div class=\"wp-block-uagb-buttons-child uagb-buttons__outer-wrap uagb-block-7041b93f wp-block-button\"><div class=\"uagb-button__wrapper\"><a class=\"uagb-buttons-repeater wp-block-button__link\" aria-label=\"\" href=\"https:\/\/scikeys.org\/fr\/access-points-fr\/\" rel=\"follow noopener\" target=\"_self\" role=\"button\"><div class=\"uagb-button__link\"><strong><strong>En savoir plus sur le projet<\/strong><\/strong><\/div><\/a><\/div><\/div>\n<\/div><\/div>\n<\/div>\n\n\n\n<div class=\"wp-block-uagb-container uagb-block-479c32ff\">\n<h3 class=\"wp-block-heading has-text-align-center has-vivid-red-color has-text-color has-link-color wp-elements-0abc97c6394219fd81189d69ea7346a8\" style=\"font-size:24px;line-height:1.3\"><strong>Programme de parrainage acad\u00e9mique (Academic Buddy)<\/strong><\/h3>\n\n\n\n<ul class=\"wp-block-list\">\n<li>B\u00e9n\u00e9ficier d&#8217;un \u00e9change acad\u00e9mique direct avec un \u00e9tudiant du m\u00eame domaine scientifique.<\/li>\n\n\n\n<li>Renforcer la compr\u00e9hension pratique des mati\u00e8res universitaires par l&#8217;\u00e9change de m\u00e9thodes d&#8217;\u00e9tude et de r\u00e9f\u00e9rences.<\/li>\n\n\n\n<li>D\u00e9couvrir les exp\u00e9riences acad\u00e9miques internationales dans la m\u00eame sp\u00e9cialit\u00e9.<\/li>\n\n\n\n<li>Acqu\u00e9rir des comp\u00e9tences en communication acad\u00e9mique interculturelle.<\/li>\n\n\n\n<li>Recommander les \u00e9tudiants engag\u00e9s et excellents pour des programmes suppl\u00e9mentaires (tels que la formation acad\u00e9mique ou l&#8217;\u00e9change de recherche).<\/li>\n<\/ul>\n\n\n\n<div class=\"wp-block-uagb-buttons uagb-buttons__outer-wrap uagb-btn__default-btn uagb-btn-tablet__default-btn uagb-btn-mobile__default-btn uagb-block-5e183611\"><div class=\"uagb-buttons__wrap uagb-buttons-layout-wrap \">\n<div class=\"wp-block-uagb-buttons-child uagb-buttons__outer-wrap uagb-block-3dbf5018 wp-block-button\"><div class=\"uagb-button__wrapper\"><a class=\"uagb-buttons-repeater wp-block-button__link\" aria-label=\"\" href=\"https:\/\/scikeys.org\/fr\/academic-buddy-program-fr\/\" rel=\"follow noopener\" target=\"_self\" role=\"button\"><div class=\"uagb-button__link\"><strong><strong>En savoir plus sur le projet<\/strong><\/strong><\/div><\/a><\/div><\/div>\n<\/div><\/div>\n<\/div>\n<\/div><\/div>\n","protected":false},"excerpt":{"rendered":"<p>Projet de d\u00e9veloppement des langues \u00e9trang\u00e8res Programme des Points d&#8217;Acc\u00e8s Programme de parrainage acad\u00e9mique (Academic Buddy)<\/p>\n","protected":false},"author":2,"featured_media":1895,"parent":0,"menu_order":0,"comment_status":"closed","ping_status":"closed","template":"","meta":{"_uag_custom_page_level_css":"","site-sidebar-layout":"default","site-content-layout":"","ast-site-content-layout":"full-width-container","site-content-style":"default","site-sidebar-style":"default","ast-global-header-display":"","ast-banner-title-visibility":"","ast-main-header-display":"","ast-hfb-above-header-display":"","ast-hfb-below-header-display":"","ast-hfb-mobile-header-display":"","site-post-title":"disabled","ast-breadcrumbs-content":"","ast-featured-img":"","footer-sml-layout":"","ast-disable-related-posts":"","theme-transparent-header-meta":"","adv-header-id-meta":"","stick-header-meta":"","header-above-stick-meta":"","header-main-stick-meta":"","header-below-stick-meta":"","astra-migrate-meta-layouts":"set","ast-page-background-enabled":"default","ast-page-background-meta":{"desktop":{"background-color":"","background-image":"","background-repeat":"repeat","background-position":"center center","background-size":"auto","background-attachment":"scroll","background-type":"","background-media":"","overlay-type":"","overlay-color":"","overlay-opacity":"","overlay-gradient":""},"tablet":{"background-color":"","background-image":"","background-repeat":"repeat","background-position":"center center","background-size":"auto","background-attachment":"scroll","background-type":"","background-media":"","overlay-type":"","overlay-color":"","overlay-opacity":"","overlay-gradient":""},"mobile":{"background-color":"","background-image":"","background-repeat":"repeat","background-position":"center center","background-size":"auto","background-attachment":"scroll","background-type":"","background-media":"","overlay-type":"","overlay-color":"","overlay-opacity":"","overlay-gradient":""}},"ast-content-background-meta":{"desktop":{"background-color":"var(--ast-global-color-5)","background-image":"","background-repeat":"repeat","background-position":"center center","background-size":"auto","background-attachment":"scroll","background-type":"","background-media":"","overlay-type":"","overlay-color":"","overlay-opacity":"","overlay-gradient":""},"tablet":{"background-color":"var(--ast-global-color-5)","background-image":"","background-repeat":"repeat","background-position":"center center","background-size":"auto","background-attachment":"scroll","background-type":"","background-media":"","overlay-type":"","overlay-color":"","overlay-opacity":"","overlay-gradient":""},"mobile":{"background-color":"var(--ast-global-color-5)","background-image":"","background-repeat":"repeat","background-position":"center center","background-size":"auto","background-attachment":"scroll","background-type":"","background-media":"","overlay-type":"","overlay-color":"","overlay-opacity":"","overlay-gradient":""}},"footnotes":""},"class_list":["post-3295","page","type-page","status-publish","has-post-thumbnail","hentry"],"uagb_featured_image_src":{"full":["https:\/\/www.scikeys.org\/dev\/wp-content\/uploads\/2025\/09\/knowledge-1.png",512,512,false],"thumbnail":["https:\/\/www.scikeys.org\/dev\/wp-content\/uploads\/2025\/09\/knowledge-1-150x150.png",150,150,true],"medium":["https:\/\/www.scikeys.org\/dev\/wp-content\/uploads\/2025\/09\/knowledge-1-300x300.png",300,300,true],"medium_large":["https:\/\/www.scikeys.org\/dev\/wp-content\/uploads\/2025\/09\/knowledge-1.png",512,512,false],"large":["https:\/\/www.scikeys.org\/dev\/wp-content\/uploads\/2025\/09\/knowledge-1.png",512,512,false],"1536x1536":["https:\/\/www.scikeys.org\/dev\/wp-content\/uploads\/2025\/09\/knowledge-1.png",512,512,false],"2048x2048":["https:\/\/www.scikeys.org\/dev\/wp-content\/uploads\/2025\/09\/knowledge-1.png",512,512,false]},"uagb_author_info":{"display_name":"Ahmad Alalewi","author_link":"https:\/\/www.scikeys.org\/dev\/author\/ahmad-alalewi\/"},"uagb_comment_info":0,"uagb_excerpt":"Projet de d\u00e9veloppement des langues \u00e9trang\u00e8res Programme des Points d&#8217;Acc\u00e8s Programme de parrainage acad\u00e9mique (Academic Buddy)","_links":{"self":[{"href":"https:\/\/www.scikeys.org\/dev\/wp-json\/wp\/v2\/pages\/3295","targetHints":{"allow":["GET"]}}],"collection":[{"href":"https:\/\/www.scikeys.org\/dev\/wp-json\/wp\/v2\/pages"}],"about":[{"href":"https:\/\/www.scikeys.org\/dev\/wp-json\/wp\/v2\/types\/page"}],"author":[{"embeddable":true,"href":"https:\/\/www.scikeys.org\/dev\/wp-json\/wp\/v2\/users\/2"}],"replies":[{"embeddable":true,"href":"https:\/\/www.scikeys.org\/dev\/wp-json\/wp\/v2\/comments?post=3295"}],"version-history":[{"count":2,"href":"https:\/\/www.scikeys.org\/dev\/wp-json\/wp\/v2\/pages\/3295\/revisions"}],"predecessor-version":[{"id":3341,"href":"https:\/\/www.scikeys.org\/dev\/wp-json\/wp\/v2\/pages\/3295\/revisions\/3341"}],"wp:featuredmedia":[{"embeddable":true,"href":"https:\/\/www.scikeys.org\/dev\/wp-json\/wp\/v2\/media\/1895"}],"wp:attachment":[{"href":"https:\/\/www.scikeys.org\/dev\/wp-json\/wp\/v2\/media?parent=3295"}],"curies":[{"name":"wp","href":"https:\/\/api.w.org\/{rel}","templated":true}]}}