{"id":3290,"date":"2025-09-20T12:38:58","date_gmt":"2025-09-20T10:38:58","guid":{"rendered":"https:\/\/www.scikeys.org\/dev\/?page_id=3290"},"modified":"2026-01-07T15:20:09","modified_gmt":"2026-01-07T14:20:09","slug":"programme","status":"publish","type":"page","link":"https:\/\/www.scikeys.org\/dev\/de\/programme\/","title":{"rendered":"Programme und Aktivit\u00e4ten"},"content":{"rendered":"\n<div class=\"wp-block-uagb-container uagb-block-f4faa4a4 alignfull uagb-is-root-container\"><div class=\"uagb-container-inner-blocks-wrap\">\n<div class=\"wp-block-uagb-info-box uagb-block-tf8e3lw2 uagb-infobox__content-wrap  uagb-infobox-icon-above-title uagb-infobox-image-valign-top\"><div class=\"uagb-ifb-content\"><div class=\"uagb-ifb-title-wrap\"><h1 class=\"uagb-ifb-title\">Programme und Aktivit\u00e4ten<\/h1><\/div><p class=\"uagb-ifb-desc\">Wir sind stets bestrebt, unsere Programme und Aktivit\u00e4ten so zu entwickeln, dass sie den Bed\u00fcrfnissen der syrischen akademischen Gemeinschaft entsprechen und die M\u00f6glichkeiten zur Zusammenarbeit mit internationalen Institutionen nutzen.<\/p><\/div><\/div>\n<\/div><\/div>\n\n\n\n<div class=\"wp-block-uagb-container uagb-block-3f2593ac alignfull uagb-is-root-container\"><div class=\"uagb-container-inner-blocks-wrap\">\n<div class=\"wp-block-uagb-container uagb-block-85c6f3f5\">\n<h3 class=\"wp-block-heading has-text-align-center has-vivid-red-color has-text-color has-link-color wp-elements-265c84387529e35c32615834d4a9ff1b\" style=\"font-size:24px;line-height:1.3\"><strong>Projekt zur F\u00f6rderung fremdsprachlicher Kompetenzen<\/strong><\/h3>\n\n\n\n<ul class=\"wp-block-list\">\n<li>Das Projekt zielt darauf ab, Studierende bei der Entwicklung der folgenden Sprachen zu unterst\u00fctzen: <strong>Englisch &#8211; Franz\u00f6sisch &#8211; Deutsch<\/strong>.<\/li>\n\n\n\n<li>Bereitstellung von Open-Source-Ressourcen, damit Studierende ihre Sprachkenntnisse selbstst\u00e4ndig und ohne Kursteilnahme verbessern k\u00f6nnen.<\/li>\n\n\n\n<li>Bem\u00fchung um muttersprachliche Freiwillige, die Studierende begleiten und sie bei der Entwicklung ihrer Konversationsf\u00e4higkeiten unterst\u00fctzen (eine Sitzung pro Woche).<\/li>\n\n\n\n<li>Organisation von Schulungen je nach Verf\u00fcgbarkeit der Freiwilligen.<\/li>\n\n\n\n<li>Bereitstellung einer finanziellen F\u00f6rderung als Auszeichnung f\u00fcr das Engagement und den nachgewiesenen Fortschritt der Studierenden.<\/li>\n\n\n\n<li>Die Auszeichnung deckt die Kosten f\u00fcr die standardisierte Pr\u00fcfung ab, die der Student je nach Ziel ben\u00f6tigt (Hochschulzulassung, Auslandsstudium, Remote-Arbeit usw.).<\/li>\n<\/ul>\n\n\n\n<div class=\"wp-block-uagb-buttons uagb-buttons__outer-wrap uagb-btn__default-btn uagb-btn-tablet__default-btn uagb-btn-mobile__default-btn uagb-block-13280dc3\"><div class=\"uagb-buttons__wrap uagb-buttons-layout-wrap \">\n<div class=\"wp-block-uagb-buttons-child uagb-buttons__outer-wrap uagb-block-cc3cd50f wp-block-button\"><div class=\"uagb-button__wrapper\"><a class=\"uagb-buttons-repeater wp-block-button__link\" aria-label=\"\" href=\"https:\/\/scikeys.org\/de\/lingorise-de\/\" rel=\"follow noopener\" target=\"_self\" role=\"button\"><div class=\"uagb-button__link\"><strong><strong>Erfahren Sie mehr \u00fcber das Projekt<\/strong><\/strong><\/div><\/a><\/div><\/div>\n<\/div><\/div>\n<\/div>\n\n\n\n<div class=\"wp-block-uagb-container uagb-block-55ed6435\">\n<h3 class=\"wp-block-heading has-text-align-center has-vivid-red-color has-text-color has-link-color wp-elements-b6179ec49a93bad931f702da4fee7d29\" style=\"font-size:24px;line-height:1.3\"><strong>Programm f\u00fcr Zugangspunkte (Access Points)<\/strong><\/h3>\n\n\n\n<ul class=\"wp-block-list\">\n<li>Das Projekt zielt darauf ab, ein Netzwerk von Zugangspunkten bereitzustellen, die mit Computern und Internet ausgestattet sind, in verschiedenen Regionen Syriens.<\/li>\n\n\n\n<li>Vielseitige Zugangspunkte: Sie k\u00f6nnen von Studierenden genutzt werden, um von den Projekten des Vereins zu profitieren, wie zum Beispiel dem Projekt zur F\u00f6rderung fremdsprachlicher Kompetenzen, oder um an praktischen Schulungen teilzunehmen.<\/li>\n\n\n\n<li>Sie k\u00f6nnen auch als Labore dienen, die der Universit\u00e4t oder dem gastgebenden Verein des Zugangspunkts zur Verf\u00fcgung stehen, um die Jugend zu f\u00f6rdern.<\/li>\n<\/ul>\n\n\n\n<div class=\"wp-block-uagb-buttons uagb-buttons__outer-wrap uagb-btn__default-btn uagb-btn-tablet__default-btn uagb-btn-mobile__default-btn uagb-block-bdaf5ae2\"><div class=\"uagb-buttons__wrap uagb-buttons-layout-wrap \">\n<div class=\"wp-block-uagb-buttons-child uagb-buttons__outer-wrap uagb-block-7041b93f wp-block-button\"><div class=\"uagb-button__wrapper\"><a class=\"uagb-buttons-repeater wp-block-button__link\" aria-label=\"\" href=\"https:\/\/scikeys.org\/de\/access-points-de\/\" rel=\"follow noopener\" target=\"_self\" role=\"button\"><div class=\"uagb-button__link\"><strong><strong>Erfahren Sie mehr \u00fcber das Projekt<\/strong><\/strong><\/div><\/a><\/div><\/div>\n<\/div><\/div>\n<\/div>\n\n\n\n<div class=\"wp-block-uagb-container uagb-block-479c32ff\">\n<h3 class=\"wp-block-heading has-text-align-center has-vivid-red-color has-text-color has-link-color wp-elements-7f176f2883489715c36fc110b81ecdf9\" style=\"font-size:24px;line-height:1.3\"><strong>Academic Buddy Program<\/strong><\/h3>\n\n\n\n<ul class=\"wp-block-list\">\n<li>Benefit from direct academic exchange with a student in the same scientific field.<\/li>\n\n\n\n<li>Enhance practical understanding of university subjects by exchanging study methods and references.<\/li>\n\n\n\n<li>Gain insights into international academic experiences within the same specialty.<\/li>\n\n\n\n<li>Acquire cross-cultural academic communication skills.<\/li>\n\n\n\n<li>Nominate committed and outstanding students for additional programs (such as academic training or research exchange).<\/li>\n<\/ul>\n\n\n\n<div class=\"wp-block-uagb-buttons uagb-buttons__outer-wrap uagb-btn__default-btn uagb-btn-tablet__default-btn uagb-btn-mobile__default-btn uagb-block-5e183611\"><div class=\"uagb-buttons__wrap uagb-buttons-layout-wrap \">\n<div class=\"wp-block-uagb-buttons-child uagb-buttons__outer-wrap uagb-block-3dbf5018 wp-block-button\"><div class=\"uagb-button__wrapper\"><a class=\"uagb-buttons-repeater wp-block-button__link\" aria-label=\"\" href=\"https:\/\/scikeys.org\/de\/academic-buddy-program-de\/\" rel=\"follow noopener\" target=\"_self\" role=\"button\"><div class=\"uagb-button__link\"><strong><strong>Erfahren Sie mehr \u00fcber das Projekt<\/strong><\/strong><\/div><\/a><\/div><\/div>\n<\/div><\/div>\n<\/div>\n<\/div><\/div>\n","protected":false},"excerpt":{"rendered":"<p>Projekt zur F\u00f6rderung fremdsprachlicher Kompetenzen Programm f\u00fcr Zugangspunkte (Access Points) Academic Buddy Program<\/p>\n","protected":false},"author":2,"featured_media":1895,"parent":0,"menu_order":0,"comment_status":"closed","ping_status":"closed","template":"","meta":{"_uag_custom_page_level_css":"","site-sidebar-layout":"default","site-content-layout":"","ast-site-content-layout":"full-width-container","site-content-style":"default","site-sidebar-style":"default","ast-global-header-display":"","ast-banner-title-visibility":"","ast-main-header-display":"","ast-hfb-above-header-display":"","ast-hfb-below-header-display":"","ast-hfb-mobile-header-display":"","site-post-title":"disabled","ast-breadcrumbs-content":"","ast-featured-img":"","footer-sml-layout":"","ast-disable-related-posts":"","theme-transparent-header-meta":"","adv-header-id-meta":"","stick-header-meta":"","header-above-stick-meta":"","header-main-stick-meta":"","header-below-stick-meta":"","astra-migrate-meta-layouts":"set","ast-page-background-enabled":"default","ast-page-background-meta":{"desktop":{"background-color":"","background-image":"","background-repeat":"repeat","background-position":"center center","background-size":"auto","background-attachment":"scroll","background-type":"","background-media":"","overlay-type":"","overlay-color":"","overlay-opacity":"","overlay-gradient":""},"tablet":{"background-color":"","background-image":"","background-repeat":"repeat","background-position":"center center","background-size":"auto","background-attachment":"scroll","background-type":"","background-media":"","overlay-type":"","overlay-color":"","overlay-opacity":"","overlay-gradient":""},"mobile":{"background-color":"","background-image":"","background-repeat":"repeat","background-position":"center center","background-size":"auto","background-attachment":"scroll","background-type":"","background-media":"","overlay-type":"","overlay-color":"","overlay-opacity":"","overlay-gradient":""}},"ast-content-background-meta":{"desktop":{"background-color":"var(--ast-global-color-5)","background-image":"","background-repeat":"repeat","background-position":"center center","background-size":"auto","background-attachment":"scroll","background-type":"","background-media":"","overlay-type":"","overlay-color":"","overlay-opacity":"","overlay-gradient":""},"tablet":{"background-color":"var(--ast-global-color-5)","background-image":"","background-repeat":"repeat","background-position":"center center","background-size":"auto","background-attachment":"scroll","background-type":"","background-media":"","overlay-type":"","overlay-color":"","overlay-opacity":"","overlay-gradient":""},"mobile":{"background-color":"var(--ast-global-color-5)","background-image":"","background-repeat":"repeat","background-position":"center center","background-size":"auto","background-attachment":"scroll","background-type":"","background-media":"","overlay-type":"","overlay-color":"","overlay-opacity":"","overlay-gradient":""}},"footnotes":""},"class_list":["post-3290","page","type-page","status-publish","has-post-thumbnail","hentry"],"uagb_featured_image_src":{"full":["https:\/\/www.scikeys.org\/dev\/wp-content\/uploads\/2025\/09\/knowledge-1.png",512,512,false],"thumbnail":["https:\/\/www.scikeys.org\/dev\/wp-content\/uploads\/2025\/09\/knowledge-1-150x150.png",150,150,true],"medium":["https:\/\/www.scikeys.org\/dev\/wp-content\/uploads\/2025\/09\/knowledge-1-300x300.png",300,300,true],"medium_large":["https:\/\/www.scikeys.org\/dev\/wp-content\/uploads\/2025\/09\/knowledge-1.png",512,512,false],"large":["https:\/\/www.scikeys.org\/dev\/wp-content\/uploads\/2025\/09\/knowledge-1.png",512,512,false],"1536x1536":["https:\/\/www.scikeys.org\/dev\/wp-content\/uploads\/2025\/09\/knowledge-1.png",512,512,false],"2048x2048":["https:\/\/www.scikeys.org\/dev\/wp-content\/uploads\/2025\/09\/knowledge-1.png",512,512,false]},"uagb_author_info":{"display_name":"Ahmad Alalewi","author_link":"https:\/\/www.scikeys.org\/dev\/author\/ahmad-alalewi\/"},"uagb_comment_info":0,"uagb_excerpt":"Projekt zur F\u00f6rderung fremdsprachlicher Kompetenzen Programm f\u00fcr Zugangspunkte (Access Points) Academic Buddy Program","_links":{"self":[{"href":"https:\/\/www.scikeys.org\/dev\/wp-json\/wp\/v2\/pages\/3290","targetHints":{"allow":["GET"]}}],"collection":[{"href":"https:\/\/www.scikeys.org\/dev\/wp-json\/wp\/v2\/pages"}],"about":[{"href":"https:\/\/www.scikeys.org\/dev\/wp-json\/wp\/v2\/types\/page"}],"author":[{"embeddable":true,"href":"https:\/\/www.scikeys.org\/dev\/wp-json\/wp\/v2\/users\/2"}],"replies":[{"embeddable":true,"href":"https:\/\/www.scikeys.org\/dev\/wp-json\/wp\/v2\/comments?post=3290"}],"version-history":[{"count":2,"href":"https:\/\/www.scikeys.org\/dev\/wp-json\/wp\/v2\/pages\/3290\/revisions"}],"predecessor-version":[{"id":3301,"href":"https:\/\/www.scikeys.org\/dev\/wp-json\/wp\/v2\/pages\/3290\/revisions\/3301"}],"wp:featuredmedia":[{"embeddable":true,"href":"https:\/\/www.scikeys.org\/dev\/wp-json\/wp\/v2\/media\/1895"}],"wp:attachment":[{"href":"https:\/\/www.scikeys.org\/dev\/wp-json\/wp\/v2\/media?parent=3290"}],"curies":[{"name":"wp","href":"https:\/\/api.w.org\/{rel}","templated":true}]}}