{"id":3100,"date":"2025-09-30T02:53:51","date_gmt":"2025-09-30T00:53:51","guid":{"rendered":"https:\/\/www.scikeys.org\/dev\/?page_id=3100"},"modified":"2026-01-07T02:00:11","modified_gmt":"2026-01-07T01:00:11","slug":"politique-relative-aux-cookies","status":"publish","type":"page","link":"https:\/\/www.scikeys.org\/dev\/fr\/politique-relative-aux-cookies\/","title":{"rendered":"Politique relative aux cookies"},"content":{"rendered":"\n<div class=\"wp-block-uagb-container uagb-block-da691204 alignfull uagb-is-root-container\"><div class=\"uagb-container-inner-blocks-wrap\">\n<style>\n  a.cky-banner-element {\n    padding: 8px 30px;\n    background: #f8f9fa;\n    color: #858a8f;\n    border: 1px solid #dee2e6;\n    box-sizing: border-box;\n    border-radius: 2px;\n    cursor: pointer;\n    display: inline-block;\n    text-decoration: none;\n  }\n<\/style>\n\n<h1 class=\"cookie-policy-h1\">Politique relative aux cookies<\/h1>\n<div class=\"cookie-policy-date-container\">\n  <p>Date d&#8217;entr\u00e9e en vigueur : 30 septembre 2025<\/p>\n  <p>Derni\u00e8re mise \u00e0 jour : 07 janvier 2026<\/p>\n<\/div>&nbsp;\n\n<h2>Que sont les cookies ?<\/h2>\n<div class=\"cookie-policy-p\">\n  <p>Cette politique relative aux cookies explique ce que sont les cookies et comment nous les utilisons, les types de cookies que nous utilisons (c&#8217;est-\u00e0-dire les informations que nous recueillons \u00e0 l&#8217;aide des cookies et comment ces informations sont utilis\u00e9es), et comment g\u00e9rer vos param\u00e8tres de cookies.<\/p>\n  <p>Les cookies sont de petits fichiers texte utilis\u00e9s pour stocker de petites informations. Ils sont stock\u00e9s sur votre appareil lorsque le site web est charg\u00e9 sur votre navigateur. Ces cookies nous aident \u00e0 faire fonctionner le site web correctement, \u00e0 le rendre plus s\u00fbr, \u00e0 offrir une meilleure exp\u00e9rience utilisateur et \u00e0 analyser les performances du site pour identifier ce qui fonctionne et ce qui doit \u00eatre am\u00e9lior\u00e9.<\/p>\n<\/div>&nbsp;\n\n<h2>Comment utilisons-nous les cookies ?<\/h2>\n<div class=\"cookie-policy-p\">\n  <p>Comme la plupart des services en ligne, notre site web utilise des cookies internes et des cookies tiers \u00e0 plusieurs fins. Les cookies internes sont principalement n\u00e9cessaires au bon fonctionnement du site web et ne collectent aucune de vos donn\u00e9es personnellement identifiables.<\/p>\n  <p>Les cookies tiers utilis\u00e9s sur notre site servent principalement \u00e0 comprendre comment le site web fonctionne, comment vous interagissez avec lui, \u00e0 assurer la s\u00e9curit\u00e9 de nos services et \u00e0 am\u00e9liorer votre exp\u00e9rience utilisateur globale.<\/p>\n<\/div>&nbsp;\n\n<h2>Types de cookies que nous utilisons<\/h2>\n<div class=\"cky-audit-table-element\"><\/div>&nbsp;\n\n<h2 style=\"margin-bottom: 20px\">G\u00e9rer les pr\u00e9f\u00e9rences de cookies<\/h2>\n<a class=\"cky-banner-element\">Pr\u00e9f\u00e9rences de consentement<\/a><br \/>\n\n<div>\n  <p>Vous pouvez modifier vos param\u00e8tres de cookies \u00e0 tout moment en cliquant sur le bouton \u00ab Pr\u00e9f\u00e9rences de consentement \u00bb ci-dessus. Cela vous permettra de revenir sur la banni\u00e8re de consentement aux cookies et de mettre \u00e0 jour vos pr\u00e9f\u00e9rences ou de retirer votre consentement imm\u00e9diatement.<\/p>\n  <p>En outre, diff\u00e9rents navigateurs offrent diff\u00e9rentes m\u00e9thodes pour bloquer et supprimer les cookies utilis\u00e9s par les sites web. Vous pouvez modifier les param\u00e8tres de votre navigateur pour bloquer ou supprimer les cookies. Voici les liens vers les documents d&#8217;assistance des principaux navigateurs :<\/p>\n  \n  <p dir=\"ltr\">Chrome : <a target=\"_blank\" rel=\"noopener noreferrer\" href=\"https:\/\/support.google.com\/accounts\/answer\/32050\">https:\/\/support.google.com\/accounts\/answer\/32050<\/a><\/p>\n  <p dir=\"ltr\">Safari : <a target=\"_blank\" rel=\"noopener noreferrer\" href=\"https:\/\/support.apple.com\/fr-fr\/guide\/safari\/sfri11471\/mac\">https:\/\/support.apple.com\/fr-fr\/guide\/safari\/sfri11471\/mac<\/a><\/p>\n  <p dir=\"ltr\">Firefox : <a target=\"_blank\" rel=\"noopener noreferrer\" href=\"https:\/\/support.mozilla.org\/fr\/kb\/effacer-les-cookies-pour-supprimer-les-information\">https:\/\/support.mozilla.org\/fr\/kb\/effacer-les-cookies-pour-supprimer-les-information<\/a><\/p>\n  <p dir=\"ltr\">Internet Explorer : <a target=\"_blank\" rel=\"noopener noreferrer\" href=\"https:\/\/support.microsoft.com\/fr-fr\/topic\/supprimer-et-g%C3%A9rer-les-cookies-168dab11-0753-043d-7c16-ede5947fc64d\">https:\/\/support.microsoft.com\/fr-fr\/topic\/supprimer-et-g%C3%A9rer-les-cookies<\/a><\/p>\n  \n  <p>Si vous utilisez un autre navigateur, veuillez consulter la documentation d&#8217;assistance officielle de celui-ci.<\/p>\n<\/div>&nbsp;\n\n<p class=\"cookie-policy-p\">Politique relative aux cookies g\u00e9n\u00e9r\u00e9e par <a target=\"_blank\" rel=\"noopener noreferrer\" href=\"https:\/\/www.cookieyes.com\/?utm_source=CP&#038;utm_medium=footer&#038;utm_campaign=UW\">CookieYes<\/a><\/p>\n\n<script id=\"cky-cookie-policy\" type=\"text\/javascript\" src=\"https:\/\/cdn-cookieyes.com\/client_data\/25a1a8dec1f2a6f7a278fb10\/cookie-policy\/script.js\"><\/script>\n<\/div><\/div>\n","protected":false},"excerpt":{"rendered":"<p>Politique relative aux cookies Date d&#8217;entr\u00e9e en vigueur : 30 septembre 2025 Derni\u00e8re mise \u00e0 jour : 07 janvier 2026 &nbsp; Que sont les cookies ? Cette politique relative aux cookies explique ce que sont les cookies et comment nous les utilisons, les types de cookies que nous utilisons (c&#8217;est-\u00e0-dire les informations que nous recueillons [&hellip;]<\/p>\n","protected":false},"author":2,"featured_media":0,"parent":0,"menu_order":0,"comment_status":"closed","ping_status":"closed","template":"","meta":{"_uag_custom_page_level_css":"","site-sidebar-layout":"default","site-content-layout":"","ast-site-content-layout":"full-width-container","site-content-style":"default","site-sidebar-style":"default","ast-global-header-display":"","ast-banner-title-visibility":"","ast-main-header-display":"","ast-hfb-above-header-display":"","ast-hfb-below-header-display":"","ast-hfb-mobile-header-display":"","site-post-title":"disabled","ast-breadcrumbs-content":"","ast-featured-img":"","footer-sml-layout":"","ast-disable-related-posts":"","theme-transparent-header-meta":"","adv-header-id-meta":"","stick-header-meta":"","header-above-stick-meta":"","header-main-stick-meta":"","header-below-stick-meta":"","astra-migrate-meta-layouts":"set","ast-page-background-enabled":"default","ast-page-background-meta":{"desktop":{"background-color":"","background-image":"","background-repeat":"repeat","background-position":"center center","background-size":"auto","background-attachment":"scroll","background-type":"","background-media":"","overlay-type":"","overlay-color":"","overlay-opacity":"","overlay-gradient":""},"tablet":{"background-color":"","background-image":"","background-repeat":"repeat","background-position":"center center","background-size":"auto","background-attachment":"scroll","background-type":"","background-media":"","overlay-type":"","overlay-color":"","overlay-opacity":"","overlay-gradient":""},"mobile":{"background-color":"","background-image":"","background-repeat":"repeat","background-position":"center center","background-size":"auto","background-attachment":"scroll","background-type":"","background-media":"","overlay-type":"","overlay-color":"","overlay-opacity":"","overlay-gradient":""}},"ast-content-background-meta":{"desktop":{"background-color":"var(--ast-global-color-5)","background-image":"","background-repeat":"repeat","background-position":"center center","background-size":"auto","background-attachment":"scroll","background-type":"","background-media":"","overlay-type":"","overlay-color":"","overlay-opacity":"","overlay-gradient":""},"tablet":{"background-color":"var(--ast-global-color-5)","background-image":"","background-repeat":"repeat","background-position":"center center","background-size":"auto","background-attachment":"scroll","background-type":"","background-media":"","overlay-type":"","overlay-color":"","overlay-opacity":"","overlay-gradient":""},"mobile":{"background-color":"var(--ast-global-color-5)","background-image":"","background-repeat":"repeat","background-position":"center center","background-size":"auto","background-attachment":"scroll","background-type":"","background-media":"","overlay-type":"","overlay-color":"","overlay-opacity":"","overlay-gradient":""}},"footnotes":""},"class_list":["post-3100","page","type-page","status-publish","hentry"],"uagb_featured_image_src":{"full":false,"thumbnail":false,"medium":false,"medium_large":false,"large":false,"1536x1536":false,"2048x2048":false},"uagb_author_info":{"display_name":"Ahmad Alalewi","author_link":"https:\/\/www.scikeys.org\/dev\/author\/ahmad-alalewi\/"},"uagb_comment_info":0,"uagb_excerpt":"Politique relative aux cookies Date d&#8217;entr\u00e9e en vigueur : 30 septembre 2025 Derni\u00e8re mise \u00e0 jour : 07 janvier 2026 &nbsp; Que sont les cookies ? Cette politique relative aux cookies explique ce que sont les cookies et comment nous les utilisons, les types de cookies que nous utilisons (c&#8217;est-\u00e0-dire les informations que nous recueillons&hellip;","_links":{"self":[{"href":"https:\/\/www.scikeys.org\/dev\/wp-json\/wp\/v2\/pages\/3100","targetHints":{"allow":["GET"]}}],"collection":[{"href":"https:\/\/www.scikeys.org\/dev\/wp-json\/wp\/v2\/pages"}],"about":[{"href":"https:\/\/www.scikeys.org\/dev\/wp-json\/wp\/v2\/types\/page"}],"author":[{"embeddable":true,"href":"https:\/\/www.scikeys.org\/dev\/wp-json\/wp\/v2\/users\/2"}],"replies":[{"embeddable":true,"href":"https:\/\/www.scikeys.org\/dev\/wp-json\/wp\/v2\/comments?post=3100"}],"version-history":[{"count":2,"href":"https:\/\/www.scikeys.org\/dev\/wp-json\/wp\/v2\/pages\/3100\/revisions"}],"predecessor-version":[{"id":3128,"href":"https:\/\/www.scikeys.org\/dev\/wp-json\/wp\/v2\/pages\/3100\/revisions\/3128"}],"wp:attachment":[{"href":"https:\/\/www.scikeys.org\/dev\/wp-json\/wp\/v2\/media?parent=3100"}],"curies":[{"name":"wp","href":"https:\/\/api.w.org\/{rel}","templated":true}]}}