{"id":3096,"date":"2025-09-30T02:53:51","date_gmt":"2025-09-30T00:53:51","guid":{"rendered":"https:\/\/www.scikeys.org\/dev\/?page_id=3096"},"modified":"2026-01-07T01:59:44","modified_gmt":"2026-01-07T00:59:44","slug":"cookie-richtlinie","status":"publish","type":"page","link":"https:\/\/www.scikeys.org\/dev\/de\/cookie-richtlinie\/","title":{"rendered":"Cookie-Richtlinie"},"content":{"rendered":"\n<div class=\"wp-block-uagb-container uagb-block-da691204 alignfull uagb-is-root-container\"><div class=\"uagb-container-inner-blocks-wrap\">\n<style>\n  a.cky-banner-element {\n    padding: 8px 30px;\n    background: #f8f9fa;\n    color: #858a8f;\n    border: 1px solid #dee2e6;\n    box-sizing: border-box;\n    border-radius: 2px;\n    cursor: pointer;\n    display: inline-block;\n    text-decoration: none;\n  }\n<\/style>\n\n<h1 class=\"cookie-policy-h1\">Cookie-Richtlinie<\/h1>\n<div class=\"cookie-policy-date-container\">\n  <p>Inkrafttreten am: 30. September 2025<\/p>\n  <p>Zuletzt aktualisiert am: 07. Januar 2026<\/p>\n<\/div>&nbsp;\n\n<h2>Was sind Cookies?<\/h2>\n<div class=\"cookie-policy-p\">\n  <p>Diese Cookie-Richtlinie erkl\u00e4rt, was Cookies sind und wie wir sie verwenden, welche Arten von Cookies wir einsetzen (d. h. welche Informationen wir mithilfe von Cookies sammeln und wie diese Informationen verwendet werden) und wie Sie Ihre Cookie-Einstellungen verwalten k\u00f6nnen.<\/p>\n  <p>Cookies sind kleine Textdateien, die verwendet werden, um kleine Informationseinheiten zu speichern. Sie werden auf Ihrem Ger\u00e4t gespeichert, wenn die Website in Ihrem Browser geladen wird. Diese Cookies helfen uns dabei, die ordnungsgem\u00e4\u00dfe Funktion der Website sicherzustellen, die Sicherheit zu erh\u00f6hen, eine bessere Benutzererfahrung zu bieten und die Leistung der Website zu analysieren.<\/p>\n<\/div>&nbsp;\n\n<h2>Wie verwenden wir Cookies?<\/h2>\n<div class=\"cookie-policy-p\">\n  <p>Wie die meisten Online-Dienste verwendet unsere Website sowohl Erstanbieter- als auch Drittanbieter-Cookies f\u00fcr verschiedene Zwecke. Erstanbieter-Cookies sind in erster Linie f\u00fcr das ordnungsgem\u00e4\u00dfe Funktionieren der Website erforderlich und sammeln keine personenbezogenen Daten.<\/p>\n  <p>Die auf unserer Website verwendeten Drittanbieter-Cookies dienen haupts\u00e4chlich dazu, zu verstehen, wie die Website funktioniert, wie Sie mit ihr interagieren, unsere Dienste sicher zu halten und Ihre allgemeine Benutzererfahrung zu verbessern.<\/p>\n<\/div>&nbsp;\n\n<h2>Arten von Cookies, die wir verwenden<\/h2>\n<div class=\"cky-audit-table-element\"><\/div>&nbsp;\n\n<h2 style=\"margin-bottom: 20px\">Cookie-Pr\u00e4ferenzen verwalten<\/h2>\n<a class=\"cky-banner-element\">Einwilligungseinstellungen<\/a><br \/>\n\n<div>\n  <p>Sie k\u00f6nnen Ihre Cookie-Einstellungen jederzeit \u00e4ndern, indem Sie auf die Schaltfl\u00e4che \u201eEinwilligungseinstellungen\u201c oben klicken. Dies erm\u00f6glicht es Ihnen, den Cookie-Einwilligungsbanner erneut aufzurufen und Ihre Einstellungen zu aktualisieren oder Ihre Einwilligung sofort zu widerrufen.<\/p>\n  <p>Dar\u00fcber hinaus bieten verschiedene Browser unterschiedliche Methoden zum Blockieren und L\u00f6schen von Cookies an. Sie k\u00f6nnen die Einstellungen Ihres Browsers anpassen, um Cookies zu blockieren oder zu l\u00f6schen. Nachfolgend finden Sie Links zu Support-Dokumenten der g\u00e4ngigsten Browser:<\/p>\n  \n  <p dir=\"ltr\">Chrome: <a target=\"_blank\" rel=\"noopener noreferrer\" href=\"https:\/\/support.google.com\/accounts\/answer\/32050\">https:\/\/support.google.com\/accounts\/answer\/32050<\/a><\/p>\n  <p dir=\"ltr\">Safari: <a target=\"_blank\" rel=\"noopener noreferrer\" href=\"https:\/\/support.apple.com\/de-de\/guide\/safari\/sfri11471\/mac\">https:\/\/support.apple.com\/de-de\/guide\/safari\/sfri11471\/mac<\/a><\/p>\n  <p dir=\"ltr\">Firefox: <a target=\"_blank\" rel=\"noopener noreferrer\" href=\"https:\/\/support.mozilla.org\/de\/kb\/cookies-und-websitedaten-in-firefox-loschen\">https:\/\/support.mozilla.org\/de\/kb\/cookies-und-websitedaten-in-firefox-loschen<\/a><\/p>\n  <p dir=\"ltr\">Internet Explorer: <a target=\"_blank\" rel=\"noopener noreferrer\" href=\"https:\/\/support.microsoft.com\/de-de\/topic\/l%C3%B6schen-von-cookiedateien-in-internet-explorer-bca9446f-d873-78de-77ba-d42645fa52fc\">https:\/\/support.microsoft.com\/de-de\/topic\/l%C3%B6schen-von-cookiedateien-in-internet-explorer-bca9446f-d873-78de-77ba-d42645fa52fc<\/a><\/p>\n  \n  <p>Wenn Sie einen anderen Browser verwenden, lesen Sie bitte dessen offizielle Dokumentation.<\/p>\n<\/div>&nbsp;\n\n<p class=\"cookie-policy-p\">Cookie-Richtlinie erstellt von <a target=\"_blank\" rel=\"noopener noreferrer\" href=\"https:\/\/www.cookieyes.com\/?utm_source=CP&#038;utm_medium=footer&#038;utm_campaign=UW\">CookieYes<\/a><\/p>\n\n<script id=\"cky-cookie-policy\" type=\"text\/javascript\" src=\"https:\/\/cdn-cookieyes.com\/client_data\/25a1a8dec1f2a6f7a278fb10\/cookie-policy\/script.js\"><\/script>\n<\/div><\/div>\n","protected":false},"excerpt":{"rendered":"<p>Cookie-Richtlinie Inkrafttreten am: 30. September 2025 Zuletzt aktualisiert am: 07. Januar 2026 &nbsp; Was sind Cookies? Diese Cookie-Richtlinie erkl\u00e4rt, was Cookies sind und wie wir sie verwenden, welche Arten von Cookies wir einsetzen (d. h. welche Informationen wir mithilfe von Cookies sammeln und wie diese Informationen verwendet werden) und wie Sie Ihre Cookie-Einstellungen verwalten k\u00f6nnen. [&hellip;]<\/p>\n","protected":false},"author":2,"featured_media":0,"parent":0,"menu_order":0,"comment_status":"closed","ping_status":"closed","template":"","meta":{"_uag_custom_page_level_css":"","site-sidebar-layout":"default","site-content-layout":"","ast-site-content-layout":"full-width-container","site-content-style":"default","site-sidebar-style":"default","ast-global-header-display":"","ast-banner-title-visibility":"","ast-main-header-display":"","ast-hfb-above-header-display":"","ast-hfb-below-header-display":"","ast-hfb-mobile-header-display":"","site-post-title":"disabled","ast-breadcrumbs-content":"","ast-featured-img":"","footer-sml-layout":"","ast-disable-related-posts":"","theme-transparent-header-meta":"","adv-header-id-meta":"","stick-header-meta":"","header-above-stick-meta":"","header-main-stick-meta":"","header-below-stick-meta":"","astra-migrate-meta-layouts":"set","ast-page-background-enabled":"default","ast-page-background-meta":{"desktop":{"background-color":"","background-image":"","background-repeat":"repeat","background-position":"center center","background-size":"auto","background-attachment":"scroll","background-type":"","background-media":"","overlay-type":"","overlay-color":"","overlay-opacity":"","overlay-gradient":""},"tablet":{"background-color":"","background-image":"","background-repeat":"repeat","background-position":"center center","background-size":"auto","background-attachment":"scroll","background-type":"","background-media":"","overlay-type":"","overlay-color":"","overlay-opacity":"","overlay-gradient":""},"mobile":{"background-color":"","background-image":"","background-repeat":"repeat","background-position":"center center","background-size":"auto","background-attachment":"scroll","background-type":"","background-media":"","overlay-type":"","overlay-color":"","overlay-opacity":"","overlay-gradient":""}},"ast-content-background-meta":{"desktop":{"background-color":"var(--ast-global-color-5)","background-image":"","background-repeat":"repeat","background-position":"center center","background-size":"auto","background-attachment":"scroll","background-type":"","background-media":"","overlay-type":"","overlay-color":"","overlay-opacity":"","overlay-gradient":""},"tablet":{"background-color":"var(--ast-global-color-5)","background-image":"","background-repeat":"repeat","background-position":"center center","background-size":"auto","background-attachment":"scroll","background-type":"","background-media":"","overlay-type":"","overlay-color":"","overlay-opacity":"","overlay-gradient":""},"mobile":{"background-color":"var(--ast-global-color-5)","background-image":"","background-repeat":"repeat","background-position":"center center","background-size":"auto","background-attachment":"scroll","background-type":"","background-media":"","overlay-type":"","overlay-color":"","overlay-opacity":"","overlay-gradient":""}},"footnotes":""},"class_list":["post-3096","page","type-page","status-publish","hentry"],"uagb_featured_image_src":{"full":false,"thumbnail":false,"medium":false,"medium_large":false,"large":false,"1536x1536":false,"2048x2048":false},"uagb_author_info":{"display_name":"Ahmad Alalewi","author_link":"https:\/\/www.scikeys.org\/dev\/author\/ahmad-alalewi\/"},"uagb_comment_info":0,"uagb_excerpt":"Cookie-Richtlinie Inkrafttreten am: 30. September 2025 Zuletzt aktualisiert am: 07. Januar 2026 &nbsp; Was sind Cookies? Diese Cookie-Richtlinie erkl\u00e4rt, was Cookies sind und wie wir sie verwenden, welche Arten von Cookies wir einsetzen (d. h. welche Informationen wir mithilfe von Cookies sammeln und wie diese Informationen verwendet werden) und wie Sie Ihre Cookie-Einstellungen verwalten k\u00f6nnen.&hellip;","_links":{"self":[{"href":"https:\/\/www.scikeys.org\/dev\/wp-json\/wp\/v2\/pages\/3096","targetHints":{"allow":["GET"]}}],"collection":[{"href":"https:\/\/www.scikeys.org\/dev\/wp-json\/wp\/v2\/pages"}],"about":[{"href":"https:\/\/www.scikeys.org\/dev\/wp-json\/wp\/v2\/types\/page"}],"author":[{"embeddable":true,"href":"https:\/\/www.scikeys.org\/dev\/wp-json\/wp\/v2\/users\/2"}],"replies":[{"embeddable":true,"href":"https:\/\/www.scikeys.org\/dev\/wp-json\/wp\/v2\/comments?post=3096"}],"version-history":[{"count":2,"href":"https:\/\/www.scikeys.org\/dev\/wp-json\/wp\/v2\/pages\/3096\/revisions"}],"predecessor-version":[{"id":3127,"href":"https:\/\/www.scikeys.org\/dev\/wp-json\/wp\/v2\/pages\/3096\/revisions\/3127"}],"wp:attachment":[{"href":"https:\/\/www.scikeys.org\/dev\/wp-json\/wp\/v2\/media?parent=3096"}],"curies":[{"name":"wp","href":"https:\/\/api.w.org\/{rel}","templated":true}]}}