{"id":3083,"date":"2025-10-01T00:06:11","date_gmt":"2025-09-30T22:06:11","guid":{"rendered":"https:\/\/www.scikeys.org\/dev\/?page_id=3083"},"modified":"2026-01-07T02:09:07","modified_gmt":"2026-01-07T01:09:07","slug":"rechtliche-hinweise","status":"publish","type":"page","link":"https:\/\/www.scikeys.org\/dev\/de\/rechtliche-hinweise\/","title":{"rendered":"Rechtliche Hinweise"},"content":{"rendered":"\n<div class=\"wp-block-uagb-container uagb-block-da691204 alignfull uagb-is-root-container\"><div class=\"uagb-container-inner-blocks-wrap\">\n<h1 class=\"privacy-policy-h1\">Rechtliche Hinweise\n<br><span style=\"font-size:14px;font-weight:normal;\">Zuletzt aktualisiert am: 30. September 2025<\/span>\n<\/h1>\n\n<p class=\"privacy-policy-p\">\n    Gem\u00e4\u00df den Bestimmungen der Artikel 6-III und 19 des Gesetzes Nr. 2004-575 vom 21. Juni 2004 f\u00fcr das Vertrauen in die digitale Wirtschaft (L.C.E.N.) werden die Nutzer der Website <a href=\"\/\">https:\/\/scikeys.org<\/a> \u00fcber die folgenden rechtlichen Hinweise informiert.\n<\/p>\n\n<ol class=\"privacy-policy-ol\">\n    <li>\n        <h2 class=\"privacy-policy-h2\">Herausgeber der Website:<\/h2>\n        <p class=\"privacy-policy-p\">\n            Die Website wird vom Verein <strong>SCIENCES KEYS<\/strong> herausgegeben:\n            <br>\n            <strong>Rechtsform:<\/strong> Eingetragener Verein (franz\u00f6sisches Gesetz von 1901)\n            <br>\n            <strong>Sitz:<\/strong> 5 rue Maryse Basti\u00e9, 75013 Paris, Frankreich\n            <br>\n            <strong>SIREN:<\/strong> 945063337 | <strong>SIRET:<\/strong> 94506333700014\n            <br>\n            <strong>RNA-Nummer:<\/strong> W751279353\n            <br>\n            <strong>NAF\/APE-Code:<\/strong> 94.99Z\n            <br>\n            <strong>E-Mail:<\/strong> <a href=\"mailto:info@scikeys.org\">info@scikeys.org<\/a>\n            <br>\n            <strong>Telefon:<\/strong> +49 15755229655\n        <\/p>\n    <\/li>\n\n    <li>\n        <h2 class=\"privacy-policy-h2\">Verantwortlich f\u00fcr die Ver\u00f6ffentlichung:<\/h2>\n        <p class=\"privacy-policy-p\">\n            Der Verantwortliche f\u00fcr die Ver\u00f6ffentlichung ist der gesetzliche Vertreter des Vereins: <strong>Anas Ammounah<\/strong>.\n        <\/p>\n    <\/li>\n\n    <li>\n        <h2 class=\"privacy-policy-h2\">Hosting:<\/h2>\n        <p class=\"privacy-policy-p\">\n            Die Website wird gehostet von:\n            <br>\n            <strong>o2switch<\/strong>\n            <br>\n            Chemin des Pardiaux, 63000 Clermont-Ferrand, Frankreich\n            <br>\n            Siret: 510 909 807 00032\n            <br>\n            Website: <a target=\"_blank\" href=\"https:\/\/www.o2switch.fr\">https:\/\/www.o2switch.fr<\/a>\n        <\/p>\n    <\/li>\n\n    <li>\n        <h2 class=\"privacy-policy-h2\">Geistiges Eigentum:<\/h2>\n        <p class=\"privacy-policy-p\">\n            Alle Inhalte auf dieser Website (Texte, Bilder, Logos, Videos usw.) sind durch geistige Eigentumsrechte gesch\u00fctzt und geh\u00f6ren <strong>SCIENCES KEYS<\/strong>. Jede Vervielf\u00e4ltigung, Darstellung, \u00c4nderung oder Anpassung aller oder einzelner Elemente der Website ist ohne vorherige schriftliche Genehmigung untersagt.\n        <\/p>\n    <\/li>\n\n    <li>\n        <h2 class=\"privacy-policy-h2\">Spendenrichtlinie:<\/h2>\n        <p class=\"privacy-policy-p\">\n            Spenden \u00fcber PayPal oder Bank\u00fcberweisung werden ausschlie\u00dflich f\u00fcr die satzungsgem\u00e4\u00dfen Aktivit\u00e4ten des Vereins verwendet. Bankinformationen werden sicher verarbeitet und nur zur Erf\u00fcllung gesetzlicher und buchhalterischer Verpflichtungen verwendet.\n        <\/p>\n    <\/li>\n\n    <li>\n        <h2 class=\"privacy-policy-h2\">Personenbezogene Daten und Cookies:<\/h2>\n        <p class=\"privacy-policy-p\">\n            Informationen zur Erhebung und Verarbeitung Ihrer Daten finden Sie in unserer \n            <a href=\"\/de\/datenschutzerklarung\/\">Datenschutzerkl\u00e4rung<\/a> und unserer \n            <a href=\"\/dev\/de\/cookie-richtlinie\/\">Cookie-Richtlinie<\/a>.\n        <\/p>\n    <\/li>\n\n    <li>\n        <h2 class=\"privacy-policy-h2\">Kontakt:<\/h2>\n        <p class=\"privacy-policy-p\">\n            Bei Fragen oder Meldungen k\u00f6nnen Sie uns per E-Mail kontaktieren unter: \n            <a href=\"mailto:info@scikeys.org\">info@scikeys.org<\/a>.\n        <\/p>\n    <\/li>\n<\/ol>\n<\/div><\/div>\n","protected":false},"excerpt":{"rendered":"<p>Rechtliche Hinweise Zuletzt aktualisiert am: 30. September 2025 Gem\u00e4\u00df den Bestimmungen der Artikel 6-III und 19 des Gesetzes Nr. 2004-575 vom 21. Juni 2004 f\u00fcr das Vertrauen in die digitale Wirtschaft (L.C.E.N.) werden die Nutzer der Website https:\/\/scikeys.org \u00fcber die folgenden rechtlichen Hinweise informiert. Herausgeber der Website: Die Website wird vom Verein SCIENCES KEYS herausgegeben: [&hellip;]<\/p>\n","protected":false},"author":2,"featured_media":0,"parent":0,"menu_order":0,"comment_status":"closed","ping_status":"closed","template":"","meta":{"_uag_custom_page_level_css":"","site-sidebar-layout":"default","site-content-layout":"","ast-site-content-layout":"full-width-container","site-content-style":"default","site-sidebar-style":"default","ast-global-header-display":"","ast-banner-title-visibility":"","ast-main-header-display":"","ast-hfb-above-header-display":"","ast-hfb-below-header-display":"","ast-hfb-mobile-header-display":"","site-post-title":"disabled","ast-breadcrumbs-content":"","ast-featured-img":"","footer-sml-layout":"","ast-disable-related-posts":"","theme-transparent-header-meta":"","adv-header-id-meta":"","stick-header-meta":"","header-above-stick-meta":"","header-main-stick-meta":"","header-below-stick-meta":"","astra-migrate-meta-layouts":"set","ast-page-background-enabled":"default","ast-page-background-meta":{"desktop":{"background-color":"","background-image":"","background-repeat":"repeat","background-position":"center center","background-size":"auto","background-attachment":"scroll","background-type":"","background-media":"","overlay-type":"","overlay-color":"","overlay-opacity":"","overlay-gradient":""},"tablet":{"background-color":"","background-image":"","background-repeat":"repeat","background-position":"center center","background-size":"auto","background-attachment":"scroll","background-type":"","background-media":"","overlay-type":"","overlay-color":"","overlay-opacity":"","overlay-gradient":""},"mobile":{"background-color":"","background-image":"","background-repeat":"repeat","background-position":"center center","background-size":"auto","background-attachment":"scroll","background-type":"","background-media":"","overlay-type":"","overlay-color":"","overlay-opacity":"","overlay-gradient":""}},"ast-content-background-meta":{"desktop":{"background-color":"var(--ast-global-color-5)","background-image":"","background-repeat":"repeat","background-position":"center center","background-size":"auto","background-attachment":"scroll","background-type":"","background-media":"","overlay-type":"","overlay-color":"","overlay-opacity":"","overlay-gradient":""},"tablet":{"background-color":"var(--ast-global-color-5)","background-image":"","background-repeat":"repeat","background-position":"center center","background-size":"auto","background-attachment":"scroll","background-type":"","background-media":"","overlay-type":"","overlay-color":"","overlay-opacity":"","overlay-gradient":""},"mobile":{"background-color":"var(--ast-global-color-5)","background-image":"","background-repeat":"repeat","background-position":"center center","background-size":"auto","background-attachment":"scroll","background-type":"","background-media":"","overlay-type":"","overlay-color":"","overlay-opacity":"","overlay-gradient":""}},"footnotes":""},"class_list":["post-3083","page","type-page","status-publish","hentry"],"uagb_featured_image_src":{"full":false,"thumbnail":false,"medium":false,"medium_large":false,"large":false,"1536x1536":false,"2048x2048":false},"uagb_author_info":{"display_name":"Ahmad Alalewi","author_link":"https:\/\/www.scikeys.org\/dev\/author\/ahmad-alalewi\/"},"uagb_comment_info":0,"uagb_excerpt":"Rechtliche Hinweise Zuletzt aktualisiert am: 30. September 2025 Gem\u00e4\u00df den Bestimmungen der Artikel 6-III und 19 des Gesetzes Nr. 2004-575 vom 21. Juni 2004 f\u00fcr das Vertrauen in die digitale Wirtschaft (L.C.E.N.) werden die Nutzer der Website https:\/\/scikeys.org \u00fcber die folgenden rechtlichen Hinweise informiert. Herausgeber der Website: Die Website wird vom Verein SCIENCES KEYS herausgegeben:&hellip;","_links":{"self":[{"href":"https:\/\/www.scikeys.org\/dev\/wp-json\/wp\/v2\/pages\/3083","targetHints":{"allow":["GET"]}}],"collection":[{"href":"https:\/\/www.scikeys.org\/dev\/wp-json\/wp\/v2\/pages"}],"about":[{"href":"https:\/\/www.scikeys.org\/dev\/wp-json\/wp\/v2\/types\/page"}],"author":[{"embeddable":true,"href":"https:\/\/www.scikeys.org\/dev\/wp-json\/wp\/v2\/users\/2"}],"replies":[{"embeddable":true,"href":"https:\/\/www.scikeys.org\/dev\/wp-json\/wp\/v2\/comments?post=3083"}],"version-history":[{"count":4,"href":"https:\/\/www.scikeys.org\/dev\/wp-json\/wp\/v2\/pages\/3083\/revisions"}],"predecessor-version":[{"id":3136,"href":"https:\/\/www.scikeys.org\/dev\/wp-json\/wp\/v2\/pages\/3083\/revisions\/3136"}],"wp:attachment":[{"href":"https:\/\/www.scikeys.org\/dev\/wp-json\/wp\/v2\/media?parent=3083"}],"curies":[{"name":"wp","href":"https:\/\/api.w.org\/{rel}","templated":true}]}}