{"id":3076,"date":"2025-09-30T02:16:48","date_gmt":"2025-09-30T00:16:48","guid":{"rendered":"https:\/\/www.scikeys.org\/dev\/?page_id=3076"},"modified":"2026-01-07T02:04:44","modified_gmt":"2026-01-07T01:04:44","slug":"politique-de-confidentialite","status":"publish","type":"page","link":"https:\/\/www.scikeys.org\/dev\/fr\/politique-de-confidentialite\/","title":{"rendered":"Politique de Confidentialit\u00e9"},"content":{"rendered":"\n<div class=\"wp-block-uagb-container uagb-block-da691204 alignfull uagb-is-root-container\"><div class=\"uagb-container-inner-blocks-wrap\">\n<h1 class=\"privacy-policy-h1\">Politique de Confidentialit\u00e9\n<br><span style=\"font-size:14px;font-weight:normal;\">Derni\u00e8re mise \u00e0 jour : 30-sept.-2025<\/span>\n<br><span style=\"font-size:14px;font-weight:normal;\">Date d&#8217;entr\u00e9e en vigueur : 30-sept.-2025<\/span>\n<\/h1>\n\n<p class=\"privacy-policy-p\">\n    Cette politique de confidentialit\u00e9 d\u00e9crit les politiques de :\n    <br> \n    Association <strong>SCIENCES KEYS<\/strong>, \n    <br>\n    5 rue Maryse Basti\u00e9, Paris 75013, France\n    <br>\n    E-mail : <a href=\"mailto:info@scikeys.org\">info@scikeys.org<\/a>\n    <br>\n    T\u00e9l\u00e9phone : +4915755229655\n<\/p>\n\n<p class=\"privacy-policy-p\">\n    sur la collecte, l&#8217;utilisation et la divulgation de vos informations que nous recueillons lorsque vous utilisez notre site web (https:\/\/scikeys.org) (le \u00ab Service \u00bb). En acc\u00e9dant au Service ou en l&#8217;utilisant, vous consentez \u00e0 la collecte, \u00e0 l&#8217;utilisation et \u00e0 la divulgation de vos informations conform\u00e9ment \u00e0 la pr\u00e9sente politique de confidentialit\u00e9. Si vous n&#8217;y consentez pas, veuillez ne pas acc\u00e9der au Service ni l&#8217;utiliser.\n<\/p>\n\n<p class=\"privacy-policy-p\">\n    Nous pouvons modifier cette politique de confidentialit\u00e9 \u00e0 tout moment sans pr\u00e9avis et publierons la version r\u00e9vis\u00e9e sur le Service. La politique r\u00e9vis\u00e9e entrera en vigueur 180 jours apr\u00e8s sa publication, et votre acc\u00e8s ou utilisation continue du Service apr\u00e8s ce d\u00e9lai constituera votre acceptation de la politique r\u00e9vis\u00e9e. Nous vous recommandons donc de consulter r\u00e9guli\u00e8rement cette page.\n<\/p>\n\n<ol class=\"privacy-policy-ol\">\n    <li>\n        <h2 class=\"privacy-policy-h2\">Informations que nous recueillons :<\/h2>\n        <p class=\"privacy-policy-p\">Nous collecterons et traiterons les informations personnelles suivantes vous concernant :<\/p>\n        <ol class=\"privacy-policy-ol\">\n            <li>Nom<\/li>\n            <li>E-mail<\/li>\n            <li>Num\u00e9ro de t\u00e9l\u00e9phone mobile<\/li>\n            <li>Profils de r\u00e9seaux sociaux<\/li>\n            <li>Date de naissance<\/li>\n            <li>Genre<\/li>\n        <\/ol>\n    <\/li>\n\n    <li>\n        <h2 class=\"privacy-policy-h2\">Comment nous recueillons vos informations :<\/h2>\n        <p class=\"privacy-policy-p\">Nous recueillons\/recevons des informations vous concernant de la mani\u00e8re suivante :<\/p>\n        <ol class=\"privacy-policy-ol\">\n            <li>Lorsqu&#8217;un utilisateur remplit le formulaire d&#8217;inscription ou soumet des informations personnelles.<\/li>\n            <li>Lors de l&#8217;interaction avec le site web.<\/li>\n            <li>\u00c0 partir de sources publiques.<\/li>\n        <\/ol>\n    <\/li>\n\n    <li>\n        <h2 class=\"privacy-policy-h2\">Comment nous utilisons vos informations :<\/h2>\n        <p class=\"privacy-policy-p\">Nous utiliserons les informations recueillies aux fins suivantes :<\/p>\n        <ol class=\"privacy-policy-ol\">\n            <li>Cr\u00e9ation de compte utilisateur.<\/li>\n            <li>Gestion de compte utilisateur.<\/li>\n        <\/ol>\n        <p class=\"privacy-policy-p\">\n            Si nous souhaitons utiliser vos informations \u00e0 d&#8217;autres fins, nous vous demanderons votre consentement et n&#8217;utiliserons vos informations qu&#8217;apr\u00e8s avoir re\u00e7u votre accord, et uniquement aux fins pour lesquelles vous avez donn\u00e9 votre consentement, \u00e0 moins que la loi ne nous oblige \u00e0 faire autrement.\n        <\/p>\n    <\/li>\n\n    <li>\n        <h2 class=\"privacy-policy-h2\">Partage de vos informations :<\/h2>\n        <p class=\"privacy-policy-p\">Nous ne transf\u00e9rerons pas vos informations personnelles \u00e0 des tiers sans votre consentement, sauf dans les circonstances limit\u00e9es d\u00e9crites ci-dessous :<\/p>\n        <ol class=\"privacy-policy-ol\">\n            <li>Services d&#8217;analyse (Analytics).<\/li>\n            <li>Services de recouvrement de paiements.<\/li>\n            <li>Collecte et traitement de donn\u00e9es.<\/li>\n        <\/ol>\n        <p class=\"privacy-policy-p\">\n            Nous exigeons de ces tiers qu&#8217;ils utilisent les informations personnelles que nous leur transf\u00e9rons uniquement aux fins pour lesquelles elles ont \u00e9t\u00e9 transf\u00e9r\u00e9es et qu&#8217;ils ne les conservent pas plus longtemps que n\u00e9cessaire.\n        <\/p>\n        <p class=\"privacy-policy-p\">\n            Nous pouvons \u00e9galement divulguer vos informations personnelles pour : (1) nous conformer \u00e0 la loi, \u00e0 la r\u00e9glementation, \u00e0 une ordonnance d&#8217;un tribunal ou \u00e0 toute autre proc\u00e9dure l\u00e9gale ; (2) faire respecter vos accords avec nous, y compris la pr\u00e9sente politique de confidentialit\u00e9 ; ou (3) r\u00e9pondre \u00e0 des r\u00e9clamations selon lesquelles votre utilisation du Service viole les droits de tiers. Si le Service ou notre association fait l&#8217;objet d&#8217;une fusion ou d&#8217;une acquisition, vos informations feront partie des actifs transf\u00e9r\u00e9s au nouveau propri\u00e9taire.\n        <\/p>\n    <\/li>\n\n    <li>\n        <h2 class=\"privacy-policy-h2\">Conservation de vos informations :<\/h2>\n        <p class=\"privacy-policy-p\">\n            Nous conserverons vos informations personnelles pendant une p\u00e9riode allant de 90 jours \u00e0 2 ans apr\u00e8s la cl\u00f4ture du compte par l&#8217;utilisateur, ou aussi longtemps que n\u00e9cessaire pour atteindre les objectifs d\u00e9crits dans la pr\u00e9sente politique. Nous pouvons \u00eatre amen\u00e9s \u00e0 conserver certaines informations plus longtemps pour la tenue de registres conform\u00e9ment \u00e0 la loi ou pour d&#8217;autres raisons l\u00e9gitimes. Les donn\u00e9es anonymes r\u00e9siduelles peuvent \u00eatre conserv\u00e9es ind\u00e9finiment.\n        <\/p>\n    <\/li>\n\n    <li>\n        <h2 class=\"privacy-policy-h2\">Vos droits :<\/h2>\n        <p class=\"privacy-policy-p\">\n            Selon la loi applicable, vous pouvez avoir un droit d&#8217;acc\u00e8s, de rectification ou de suppression de vos donn\u00e9es personnelles, un droit \u00e0 la portabilit\u00e9 des donn\u00e9es, ainsi qu&#8217;un droit de retirer votre consentement \u00e0 tout moment. Pour exercer ces droits, vous pouvez nous \u00e9crire \u00e0 info@scikeys.org. Nous r\u00e9pondrons \u00e0 votre demande conform\u00e9ment \u00e0 la loi en vigueur.\n        <\/p>\n        <p class=\"privacy-policy-p\">\n            Veuillez noter que si vous ne nous autorisez pas \u00e0 collecter ou traiter les informations personnelles requises, vous pourriez ne pas \u00eatre en mesure d&#8217;acc\u00e9der \u00e0 certains de nos services.\n        <\/p>\n    <\/li>\n\n    <li>\n        <h2 class=\"privacy-policy-h2\">Cookies, etc.<\/h2>\n        <p class=\"privacy-policy-p\">\n            Pour en savoir plus sur la mani\u00e8re dont nous utilisons ces technologies de suivi, veuillez consulter notre <a href=\"\/fr\/cookie-policy-fr\/\">Politique relative aux cookies.<\/a>\n        <\/p>\n    <\/li>\n\n    <li>\n        <h2 class=\"privacy-policy-h2\">S\u00e9curit\u00e9 :<\/h2>\n        <p class=\"privacy-policy-p\">\n            La s\u00e9curit\u00e9 de vos informations est importante pour nous et nous utiliserons des mesures de s\u00e9curit\u00e9 raisonnables pour pr\u00e9venir la perte ou l&#8217;utilisation non autoris\u00e9e de vos donn\u00e9es. Cependant, compte tenu des risques inh\u00e9rents \u00e0 Internet, nous ne pouvons garantir une s\u00e9curit\u00e9 absolue ; vous nous transmettez vos donn\u00e9es \u00e0 vos propres risques.\n        <\/p>\n    <\/li>\n\n    <li>\n        <h2 class=\"privacy-policy-h2\">Liens tiers :<\/h2>\n        <p class=\"privacy-policy-p\">\n            Notre Service peut contenir des liens vers d&#8217;autres sites web que nous n&#8217;exploitons pas. Nous vous conseillons vivement de consulter la politique de confidentialit\u00e9 de chaque site que vous visitez.\n        <\/p>\n    <\/li>\n\n    <li>\n        <h2 class=\"privacy-policy-h2\">D\u00e9l\u00e9gu\u00e9 \u00e0 la Protection des Donn\u00e9es :<\/h2>\n        <p class=\"privacy-policy-p\">\n            Si vous avez des questions concernant le traitement de vos informations, vous pouvez contacter notre responsable \u00e0 l&#8217;adresse suivante :\n            <br>\n            SCIENCES KEYS, 5 rue Maryse Basti\u00e9, 75013 Paris, France.\n            <br>\n            E-mail : info@scikeys.org.\n            <br>\n            Nous traiterons votre demande conform\u00e9ment \u00e0 la loi applicable.\n        <\/p>\n    <\/li>\n<\/ol>\n\n<p class=\"privacy-policy-p\">\n    Politique de confidentialit\u00e9 g\u00e9n\u00e9r\u00e9e avec <a target=\"_blank\" href=\"https:\/\/www.cookieyes.com\/?utm_source=PP&#038;utm_medium=footer&#038;utm_campaign=UW\">CookieYes<\/a>.\n<\/p>\n<\/div><\/div>\n","protected":false},"excerpt":{"rendered":"<p>Politique de Confidentialit\u00e9 Derni\u00e8re mise \u00e0 jour : 30-sept.-2025 Date d&#8217;entr\u00e9e en vigueur : 30-sept.-2025 Cette politique de confidentialit\u00e9 d\u00e9crit les politiques de : Association SCIENCES KEYS, 5 rue Maryse Basti\u00e9, Paris 75013, France E-mail : info@scikeys.org T\u00e9l\u00e9phone : +4915755229655 sur la collecte, l&#8217;utilisation et la divulgation de vos informations que nous recueillons lorsque vous [&hellip;]<\/p>\n","protected":false},"author":2,"featured_media":0,"parent":0,"menu_order":0,"comment_status":"closed","ping_status":"closed","template":"","meta":{"_uag_custom_page_level_css":"","site-sidebar-layout":"default","site-content-layout":"","ast-site-content-layout":"full-width-container","site-content-style":"default","site-sidebar-style":"default","ast-global-header-display":"","ast-banner-title-visibility":"","ast-main-header-display":"","ast-hfb-above-header-display":"","ast-hfb-below-header-display":"","ast-hfb-mobile-header-display":"","site-post-title":"disabled","ast-breadcrumbs-content":"","ast-featured-img":"","footer-sml-layout":"","ast-disable-related-posts":"","theme-transparent-header-meta":"","adv-header-id-meta":"","stick-header-meta":"","header-above-stick-meta":"","header-main-stick-meta":"","header-below-stick-meta":"","astra-migrate-meta-layouts":"set","ast-page-background-enabled":"default","ast-page-background-meta":{"desktop":{"background-color":"","background-image":"","background-repeat":"repeat","background-position":"center center","background-size":"auto","background-attachment":"scroll","background-type":"","background-media":"","overlay-type":"","overlay-color":"","overlay-opacity":"","overlay-gradient":""},"tablet":{"background-color":"","background-image":"","background-repeat":"repeat","background-position":"center center","background-size":"auto","background-attachment":"scroll","background-type":"","background-media":"","overlay-type":"","overlay-color":"","overlay-opacity":"","overlay-gradient":""},"mobile":{"background-color":"","background-image":"","background-repeat":"repeat","background-position":"center center","background-size":"auto","background-attachment":"scroll","background-type":"","background-media":"","overlay-type":"","overlay-color":"","overlay-opacity":"","overlay-gradient":""}},"ast-content-background-meta":{"desktop":{"background-color":"var(--ast-global-color-5)","background-image":"","background-repeat":"repeat","background-position":"center center","background-size":"auto","background-attachment":"scroll","background-type":"","background-media":"","overlay-type":"","overlay-color":"","overlay-opacity":"","overlay-gradient":""},"tablet":{"background-color":"var(--ast-global-color-5)","background-image":"","background-repeat":"repeat","background-position":"center center","background-size":"auto","background-attachment":"scroll","background-type":"","background-media":"","overlay-type":"","overlay-color":"","overlay-opacity":"","overlay-gradient":""},"mobile":{"background-color":"var(--ast-global-color-5)","background-image":"","background-repeat":"repeat","background-position":"center center","background-size":"auto","background-attachment":"scroll","background-type":"","background-media":"","overlay-type":"","overlay-color":"","overlay-opacity":"","overlay-gradient":""}},"footnotes":""},"class_list":["post-3076","page","type-page","status-publish","hentry"],"uagb_featured_image_src":{"full":false,"thumbnail":false,"medium":false,"medium_large":false,"large":false,"1536x1536":false,"2048x2048":false},"uagb_author_info":{"display_name":"Ahmad Alalewi","author_link":"https:\/\/www.scikeys.org\/dev\/author\/ahmad-alalewi\/"},"uagb_comment_info":0,"uagb_excerpt":"Politique de Confidentialit\u00e9 Derni\u00e8re mise \u00e0 jour : 30-sept.-2025 Date d&#8217;entr\u00e9e en vigueur : 30-sept.-2025 Cette politique de confidentialit\u00e9 d\u00e9crit les politiques de : Association SCIENCES KEYS, 5 rue Maryse Basti\u00e9, Paris 75013, France E-mail : info@scikeys.org T\u00e9l\u00e9phone : +4915755229655 sur la collecte, l&#8217;utilisation et la divulgation de vos informations que nous recueillons lorsque vous&hellip;","_links":{"self":[{"href":"https:\/\/www.scikeys.org\/dev\/wp-json\/wp\/v2\/pages\/3076","targetHints":{"allow":["GET"]}}],"collection":[{"href":"https:\/\/www.scikeys.org\/dev\/wp-json\/wp\/v2\/pages"}],"about":[{"href":"https:\/\/www.scikeys.org\/dev\/wp-json\/wp\/v2\/types\/page"}],"author":[{"embeddable":true,"href":"https:\/\/www.scikeys.org\/dev\/wp-json\/wp\/v2\/users\/2"}],"replies":[{"embeddable":true,"href":"https:\/\/www.scikeys.org\/dev\/wp-json\/wp\/v2\/comments?post=3076"}],"version-history":[{"count":2,"href":"https:\/\/www.scikeys.org\/dev\/wp-json\/wp\/v2\/pages\/3076\/revisions"}],"predecessor-version":[{"id":3132,"href":"https:\/\/www.scikeys.org\/dev\/wp-json\/wp\/v2\/pages\/3076\/revisions\/3132"}],"wp:attachment":[{"href":"https:\/\/www.scikeys.org\/dev\/wp-json\/wp\/v2\/media?parent=3076"}],"curies":[{"name":"wp","href":"https:\/\/api.w.org\/{rel}","templated":true}]}}