{"id":3070,"date":"2025-09-30T02:16:48","date_gmt":"2025-09-30T00:16:48","guid":{"rendered":"https:\/\/www.scikeys.org\/dev\/?page_id=3070"},"modified":"2026-01-07T02:04:14","modified_gmt":"2026-01-07T01:04:14","slug":"datenschutzerklarung","status":"publish","type":"page","link":"https:\/\/www.scikeys.org\/dev\/de\/datenschutzerklarung\/","title":{"rendered":"Datenschutzerkl\u00e4rung"},"content":{"rendered":"\n<div class=\"wp-block-uagb-container uagb-block-da691204 alignfull uagb-is-root-container\"><div class=\"uagb-container-inner-blocks-wrap\">\n<h1 class=\"privacy-policy-h1\">Datenschutzerkl\u00e4rung\n<br><span style=\"font-size:14px;font-weight:normal;\">Zuletzt aktualisiert am: 30. September 2025<\/span>\n<br><span style=\"font-size:14px;font-weight:normal;\">Inkrafttreten am: 30. September 2025<\/span>\n<\/h1>\n\n<p class=\"privacy-policy-p\">\n    Diese Datenschutzerkl\u00e4rung erl\u00e4utert die Richtlinien von:\n    <br> \n    <strong>SCIENCES KEYS<\/strong> Association, \n    <br>\n    5 rue Maryse Basti\u00e9, Paris 75013, Frankreich\n    <br>\n    E-Mail: <a href=\"mailto:info@scikeys.org\">info@scikeys.org<\/a>\n    <br>\n    Telefon: +4915755229655\n<\/p>\n\n<p class=\"privacy-policy-p\">\n    \u00fcber die Erhebung, Verwendung und Offenlegung Ihrer Informationen, die wir sammeln, wenn Sie unsere Website (https:\/\/scikeys.org) nutzen (der \u201eDienst\u201c). Durch den Zugriff auf den Dienst oder dessen Nutzung erkl\u00e4ren Sie sich mit der Erhebung, Verwendung und Offenlegung Ihrer Informationen gem\u00e4\u00df dieser Datenschutzerkl\u00e4rung einverstanden. Wenn Sie dem nicht zustimmen, greifen Sie bitte nicht auf den Dienst zu und nutzen Sie ihn nicht.\n<\/p>\n\n<p class=\"privacy-policy-p\">\n    Wir k\u00f6nnen diese Datenschutzerkl\u00e4rung jederzeit ohne vorherige Ank\u00fcndigung \u00e4ndern und werden die \u00fcberarbeitete Version auf dem Dienst ver\u00f6ffentlichen. Die \u00fcberarbeitete Richtlinie tritt 180 Tage nach ihrer Ver\u00f6ffentlichung in Kraft. Ihre fortgesetzte Nutzung des Dienstes nach diesem Zeitraum gilt als Annahme der \u00fcberarbeiteten Datenschutzerkl\u00e4rung. Wir empfehlen daher, diese Seite regelm\u00e4\u00dfig zu \u00fcberpr\u00fcfen.\n<\/p>\n\n<ol class=\"privacy-policy-ol\">\n    <li>\n        <h2 class=\"privacy-policy-h2\">Informationen, die wir sammeln:<\/h2>\n        <p class=\"privacy-policy-p\">Wir erheben und verarbeiten die folgenden personenbezogenen Daten \u00fcber Sie:<\/p>\n        <ol class=\"privacy-policy-ol\">\n            <li>Name<\/li>\n            <li>E-Mail<\/li>\n            <li>Mobiltelefonnummer<\/li>\n            <li>Social-Media-Profile<\/li>\n            <li>Geburtsdatum<\/li>\n            <li>Geschlecht<\/li>\n        <\/ol>\n    <\/li>\n\n    <li>\n        <h2 class=\"privacy-policy-h2\">Wie wir Ihre Informationen sammeln:<\/h2>\n        <p class=\"privacy-policy-p\">Wir sammeln\/erhalten Informationen \u00fcber Sie auf folgende Weise:<\/p>\n        <ol class=\"privacy-policy-ol\">\n            <li>Wenn ein Nutzer das Registrierungsformular ausf\u00fcllt oder anderweitig personenbezogene Daten \u00fcbermittelt.<\/li>\n            <li>Durch Interaktionen mit der Website.<\/li>\n            <li>Aus \u00f6ffentlichen Quellen.<\/li>\n        <\/ol>\n    <\/li>\n\n    <li>\n        <h2 class=\"privacy-policy-h2\">Wie wir Ihre Informationen verwenden:<\/h2>\n        <p class=\"privacy-policy-p\">Wir verwenden die gesammelten Informationen f\u00fcr folgende Zwecke:<\/p>\n        <ol class=\"privacy-policy-ol\">\n            <li>Erstellung eines Benutzerkontos.<\/li>\n            <li>Verwaltung des Benutzerkontos.<\/li>\n        <\/ol>\n        <p class=\"privacy-policy-p\">\n            Falls wir Ihre Informationen f\u00fcr andere Zwecke verwenden m\u00f6chten, werden wir Sie um Ihre Zustimmung bitten und Ihre Informationen nur nach Erhalt Ihrer Einwilligung und nur f\u00fcr die Zwecke verwenden, f\u00fcr die Sie die Einwilligung erteilt haben, es sei denn, wir sind gesetzlich zu etwas anderem verpflichtet.\n        <\/p>\n    <\/li>\n\n    <li>\n        <h2 class=\"privacy-policy-h2\">Weitergabe Ihrer Informationen:<\/h2>\n        <p class=\"privacy-policy-p\">Wir werden Ihre personenbezogenen Daten nicht ohne Ihre Zustimmung an Dritte weitergeben, au\u00dfer in den unten beschriebenen begrenzten F\u00e4llen:<\/p>\n        <ol class=\"privacy-policy-ol\">\n            <li>Analysedienste (Analytics).<\/li>\n            <li>Zahlungsabwicklungsdienste.<\/li>\n            <li>Datenerhebung und -verarbeitung.<\/li>\n        <\/ol>\n        <p class=\"privacy-policy-p\">\n            Wir verlangen von diesen Dritten, dass sie die an sie \u00fcbertragenen personenbezogenen Daten nur f\u00fcr den Zweck verwenden, f\u00fcr den sie \u00fcbertragen wurden, und sie nicht l\u00e4nger als f\u00fcr die Erf\u00fcllung dieses Zwecks erforderlich aufbewahren.\n        <\/p>\n        <p class=\"privacy-policy-p\">\n            Wir k\u00f6nnen Ihre personenbezogenen Daten auch offenlegen, um: (1) geltendes Recht, Vorschriften, Gerichtsbeschl\u00fcsse oder andere rechtliche Verfahren einzuhalten; (2) Ihre Vereinbarungen mit uns, einschlie\u00dflich dieser Datenschutzerkl\u00e4rung, durchzusetzen; oder (3) auf Anspr\u00fcche zu reagieren, dass Ihre Nutzung des Dienstes Rechte Dritter verletzt. Im Falle einer Fusion oder \u00dcbernahme der SCIENCES KEYS Association werden Ihre Informationen als Teil der Verm\u00f6genswerte an den neuen Eigent\u00fcmer \u00fcbertragen.\n        <\/p>\n    <\/li>\n\n    <li>\n        <h2 class=\"privacy-policy-h2\">Aufbewahrung Ihrer Informationen:<\/h2>\n        <p class=\"privacy-policy-p\">\n            Wir bewahren Ihre personenbezogenen Daten f\u00fcr 90 Tage bis zu 2 Jahre nach der Kontok\u00fcndigung auf oder so lange, wie es zur Erf\u00fcllung der in dieser Richtlinie genannten Zwecke erforderlich ist. Bestimmte Informationen m\u00fcssen m\u00f6glicherweise l\u00e4nger aufbewahrt werden, z. B. zur Berichterstattung gem\u00e4\u00df geltendem Recht oder aus anderen legitimen Gr\u00fcnden wie der Durchsetzung rechtlicher Anspr\u00fcche oder der Betrugspr\u00e4vention. Restliche anonyme oder aggregierte Daten k\u00f6nnen unbegrenzt gespeichert werden.\n        <\/p>\n    <\/li>\n\n    <li>\n        <h2 class=\"privacy-policy-h2\">Ihre Rechte:<\/h2>\n        <p class=\"privacy-policy-p\">\n            Je nach geltendem Recht haben Sie m\u00f6glicherweise ein Recht auf Auskunft, Berichtigung oder L\u00f6schung Ihrer personenbezogenen Daten, ein Recht auf Daten\u00fcbertragbarkeit, das Recht, die Verarbeitung einzuschr\u00e4nken oder ihr zu widersprechen, sowie das Recht, eine erteilte Einwilligung jederzeit zu widerrufen. Um diese Rechte auszu\u00fcben, schreiben Sie uns bitte an info@scikeys.org. Wir werden Ihre Anfrage gem\u00e4\u00df geltendem Recht beantworten.\n        <\/p>\n        <p class=\"privacy-policy-p\">\n            Sie k\u00f6nnen dem Direktmarketing oder dem Profiling f\u00fcr Marketingzwecke widersprechen, indem Sie uns unter info@scikeys.org kontaktieren.\n        <\/p>\n        <p class=\"privacy-policy-p\">\n            Bitte beachten Sie, dass Sie m\u00f6glicherweise nicht auf alle Dienste zugreifen k\u00f6nnen, wenn Sie uns die Erhebung der erforderlichen Daten nicht gestatten oder Ihre Einwilligung widerrufen.\n        <\/p>\n    <\/li>\n\n    <li>\n        <h2 class=\"privacy-policy-h2\">Cookies usw.<\/h2>\n        <p class=\"privacy-policy-p\">\n            Um mehr dar\u00fcber zu erfahren, wie wir Tracking-Technologien verwenden, lesen Sie bitte unsere <a href=\"\/de\/cookie-policy-de\/\">Cookie-Richtlinie.<\/a>\n        <\/p>\n    <\/li>\n\n    <li>\n        <h2 class=\"privacy-policy-h2\">Sicherheit:<\/h2>\n        <p class=\"privacy-policy-p\">\n            Die Sicherheit Ihrer Informationen ist uns wichtig. Wir setzen angemessene Sicherheitsma\u00dfnahmen ein, um Verlust, Missbrauch oder unbefugte \u00c4nderung Ihrer Daten zu verhindern. Aufgrund der inh\u00e4renten Risiken des Internets k\u00f6nnen wir jedoch keine absolute Sicherheit garantieren; die \u00dcbermittlung erfolgt auf Ihr eigenes Risiko.\n        <\/p>\n    <\/li>\n\n    <li>\n        <h2 class=\"privacy-policy-h2\">Links zu Drittanbietern:<\/h2>\n        <p class=\"privacy-policy-p\">\n            Unser Dienst kann Links zu externen Websites enthalten. Wir haben keinen Einfluss auf den Inhalt oder die Datenschutzpraktiken dieser Drittanbieter und empfehlen Ihnen, die Richtlinien jeder besuchten Seite zu pr\u00fcfen.\n        <\/p>\n    <\/li>\n\n    <li>\n        <h2 class=\"privacy-policy-h2\">Datenschutzbeauftragter \/ Beschwerdestelle:<\/h2>\n        <p class=\"privacy-policy-p\">\n            Bei Fragen zur Verarbeitung Ihrer Daten wenden Sie sich bitte an:\n            <br>\n            SCIENCES KEYS, 5 rue Maryse Basti\u00e9, 75013 Paris, Frankreich.\n            <br>\n            E-Mail: info@scikeys.org.\n            <br>\n            Wir werden Ihr Anliegen gem\u00e4\u00df den gesetzlichen Bestimmungen bearbeiten.\n        <\/p>\n    <\/li>\n<\/ol>\n\n<p class=\"privacy-policy-p\">\n    Datenschutzerkl\u00e4rung erstellt mit <a target=\"_blank\" href=\"https:\/\/www.cookieyes.com\/?utm_source=PP&#038;utm_medium=footer&#038;utm_campaign=UW\">CookieYes<\/a>.\n<\/p>\n<\/div><\/div>\n","protected":false},"excerpt":{"rendered":"<p>Datenschutzerkl\u00e4rung Zuletzt aktualisiert am: 30. September 2025 Inkrafttreten am: 30. September 2025 Diese Datenschutzerkl\u00e4rung erl\u00e4utert die Richtlinien von: SCIENCES KEYS Association, 5 rue Maryse Basti\u00e9, Paris 75013, Frankreich E-Mail: info@scikeys.org Telefon: +4915755229655 \u00fcber die Erhebung, Verwendung und Offenlegung Ihrer Informationen, die wir sammeln, wenn Sie unsere Website (https:\/\/scikeys.org) nutzen (der \u201eDienst\u201c). Durch den Zugriff auf [&hellip;]<\/p>\n","protected":false},"author":2,"featured_media":0,"parent":0,"menu_order":0,"comment_status":"closed","ping_status":"closed","template":"","meta":{"_uag_custom_page_level_css":"","site-sidebar-layout":"default","site-content-layout":"","ast-site-content-layout":"full-width-container","site-content-style":"default","site-sidebar-style":"default","ast-global-header-display":"","ast-banner-title-visibility":"","ast-main-header-display":"","ast-hfb-above-header-display":"","ast-hfb-below-header-display":"","ast-hfb-mobile-header-display":"","site-post-title":"disabled","ast-breadcrumbs-content":"","ast-featured-img":"","footer-sml-layout":"","ast-disable-related-posts":"","theme-transparent-header-meta":"","adv-header-id-meta":"","stick-header-meta":"","header-above-stick-meta":"","header-main-stick-meta":"","header-below-stick-meta":"","astra-migrate-meta-layouts":"set","ast-page-background-enabled":"default","ast-page-background-meta":{"desktop":{"background-color":"","background-image":"","background-repeat":"repeat","background-position":"center center","background-size":"auto","background-attachment":"scroll","background-type":"","background-media":"","overlay-type":"","overlay-color":"","overlay-opacity":"","overlay-gradient":""},"tablet":{"background-color":"","background-image":"","background-repeat":"repeat","background-position":"center center","background-size":"auto","background-attachment":"scroll","background-type":"","background-media":"","overlay-type":"","overlay-color":"","overlay-opacity":"","overlay-gradient":""},"mobile":{"background-color":"","background-image":"","background-repeat":"repeat","background-position":"center center","background-size":"auto","background-attachment":"scroll","background-type":"","background-media":"","overlay-type":"","overlay-color":"","overlay-opacity":"","overlay-gradient":""}},"ast-content-background-meta":{"desktop":{"background-color":"var(--ast-global-color-5)","background-image":"","background-repeat":"repeat","background-position":"center center","background-size":"auto","background-attachment":"scroll","background-type":"","background-media":"","overlay-type":"","overlay-color":"","overlay-opacity":"","overlay-gradient":""},"tablet":{"background-color":"var(--ast-global-color-5)","background-image":"","background-repeat":"repeat","background-position":"center center","background-size":"auto","background-attachment":"scroll","background-type":"","background-media":"","overlay-type":"","overlay-color":"","overlay-opacity":"","overlay-gradient":""},"mobile":{"background-color":"var(--ast-global-color-5)","background-image":"","background-repeat":"repeat","background-position":"center center","background-size":"auto","background-attachment":"scroll","background-type":"","background-media":"","overlay-type":"","overlay-color":"","overlay-opacity":"","overlay-gradient":""}},"footnotes":""},"class_list":["post-3070","page","type-page","status-publish","hentry"],"uagb_featured_image_src":{"full":false,"thumbnail":false,"medium":false,"medium_large":false,"large":false,"1536x1536":false,"2048x2048":false},"uagb_author_info":{"display_name":"Ahmad Alalewi","author_link":"https:\/\/www.scikeys.org\/dev\/author\/ahmad-alalewi\/"},"uagb_comment_info":0,"uagb_excerpt":"Datenschutzerkl\u00e4rung Zuletzt aktualisiert am: 30. September 2025 Inkrafttreten am: 30. September 2025 Diese Datenschutzerkl\u00e4rung erl\u00e4utert die Richtlinien von: SCIENCES KEYS Association, 5 rue Maryse Basti\u00e9, Paris 75013, Frankreich E-Mail: info@scikeys.org Telefon: +4915755229655 \u00fcber die Erhebung, Verwendung und Offenlegung Ihrer Informationen, die wir sammeln, wenn Sie unsere Website (https:\/\/scikeys.org) nutzen (der \u201eDienst\u201c). Durch den Zugriff auf&hellip;","_links":{"self":[{"href":"https:\/\/www.scikeys.org\/dev\/wp-json\/wp\/v2\/pages\/3070","targetHints":{"allow":["GET"]}}],"collection":[{"href":"https:\/\/www.scikeys.org\/dev\/wp-json\/wp\/v2\/pages"}],"about":[{"href":"https:\/\/www.scikeys.org\/dev\/wp-json\/wp\/v2\/types\/page"}],"author":[{"embeddable":true,"href":"https:\/\/www.scikeys.org\/dev\/wp-json\/wp\/v2\/users\/2"}],"replies":[{"embeddable":true,"href":"https:\/\/www.scikeys.org\/dev\/wp-json\/wp\/v2\/comments?post=3070"}],"version-history":[{"count":4,"href":"https:\/\/www.scikeys.org\/dev\/wp-json\/wp\/v2\/pages\/3070\/revisions"}],"predecessor-version":[{"id":3131,"href":"https:\/\/www.scikeys.org\/dev\/wp-json\/wp\/v2\/pages\/3070\/revisions\/3131"}],"wp:attachment":[{"href":"https:\/\/www.scikeys.org\/dev\/wp-json\/wp\/v2\/media?parent=3070"}],"curies":[{"name":"wp","href":"https:\/\/api.w.org\/{rel}","templated":true}]}}