{"id":3005,"date":"2025-09-13T03:01:37","date_gmt":"2025-09-13T01:01:37","guid":{"rendered":"https:\/\/www.scikeys.org\/dev\/?page_id=3005"},"modified":"2026-01-07T12:13:47","modified_gmt":"2026-01-07T11:13:47","slug":"a-propos","status":"publish","type":"page","link":"https:\/\/www.scikeys.org\/dev\/fr\/a-propos\/","title":{"rendered":"\u00c0 propos de l&#8217;initiative"},"content":{"rendered":"\n<div class=\"wp-block-uagb-container uagb-block-wdks4ahp alignfull uagb-is-root-container\"><div class=\"uagb-container-inner-blocks-wrap\">\n<div class=\"wp-block-uagb-info-box uagb-block-tf8e3lw2 uagb-infobox__content-wrap  uagb-infobox-icon-above-title uagb-infobox-image-valign-top\"><div class=\"uagb-ifb-content\"><div class=\"uagb-ifb-title-wrap\"><h1 class=\"uagb-ifb-title\">\u00c0 propos de l&#8217;initiative<\/h1><\/div><p class=\"uagb-ifb-desc\">D\u00e9couvrez comment nous b\u00e2tissons des ponts de connaissance entre la Syrie et le reste du monde.<\/p><\/div><\/div>\n<\/div><\/div>\n\n\n\n<div class=\"wp-block-uagb-container uagb-block-z8uzgtsm alignfull uagb-is-root-container\"><div class=\"uagb-container-inner-blocks-wrap\"><\/div><\/div>\n\n\n\n<div class=\"wp-block-uagb-container uagb-block-yc1zin1u alignfull uagb-is-root-container\"><div class=\"uagb-container-inner-blocks-wrap\">\n<div class=\"wp-block-uagb-image alignleft uagb-block-8tto8bzu wp-block-uagb-image--layout-default wp-block-uagb-image--effect-static wp-block-uagb-image--align-left\"><figure class=\"wp-block-uagb-image__figure\"><img decoding=\"async\" srcset=\"https:\/\/scikeys.org\/wp-content\/uploads\/2025\/09\/SciKeys-1024x1024.png ,https:\/\/scikeys.org\/wp-content\/uploads\/2025\/09\/SciKeys-scaled.png 780w, https:\/\/scikeys.org\/wp-content\/uploads\/2025\/09\/SciKeys-scaled.png 360w\" sizes=\"auto, (max-width: 480px) 150px\" src=\"https:\/\/scikeys.org\/wp-content\/uploads\/2025\/09\/SciKeys-1024x1024.png\" alt=\"\" class=\"uag-image-1608\" width=\"564\" height=\"450\" title=\"SciKeys\" loading=\"lazy\" role=\"img\"\/><\/figure><\/div>\n\n\n\n<div class=\"wp-block-uagb-container uagb-block-3wlauol5\">\n<div class=\"wp-block-uagb-info-box uagb-block-qrrszku4 uagb-infobox__content-wrap  uagb-infobox-icon-above-title uagb-infobox-image-valign-top\"><div class=\"uagb-ifb-content\"><div class=\"uagb-ifb-title-wrap\"><h2 class=\"uagb-ifb-title\">Notre histoire<\/h2><\/div><p class=\"uagb-ifb-desc\">L\u2019initiative \u00ab&nbsp;Sciences Keys&nbsp;\u00bb est n\u00e9e d\u2019une vision claire&nbsp;: b\u00e2tir un avenir scientifique et cr\u00e9atif pour la Syrie. Au fil des ans, notre \u00e9quipe s\u2019attachera \u00e0 perfectionner les comp\u00e9tences et \u00e0 \u00e9largir les horizons, afin de cr\u00e9er une soci\u00e9t\u00e9 du savoir avanc\u00e9e qui ouvre la voie \u00e0 l\u2019innovation et \u00e0 la d\u00e9couverte. Nous sommes d\u00e9termin\u00e9s \u00e0 repousser les limites, \u00e0 \u00e9tablir de nouvelles normes et \u00e0 inciter d\u2019autres personnes \u00e0 nous rejoindre dans cette aventure vers une Syrie ouverte sur le monde, libre dans la science et le savoir.<\/p><\/div><\/div>\n<\/div>\n<\/div><\/div>\n\n\n\n<div class=\"wp-block-uagb-container uagb-block-wmsv1upx alignfull uagb-is-root-container\"><div class=\"uagb-container-inner-blocks-wrap\">\n<div class=\"wp-block-uagb-container uagb-block-qynqvowq\">\n<div class=\"wp-block-uagb-info-box uagb-block-lfliqfvh uagb-infobox__content-wrap  uagb-infobox-icon-above-title uagb-infobox-image-valign-top\"><div class=\"uagb-ifb-content\"><div class=\"uagb-ifb-title-wrap\"><h2 class=\"uagb-ifb-title\">Pourquoi choisir l&#8217;initiative Sciences Keys ?<\/h2><\/div><\/div><\/div>\n\n\n\n<div class=\"wp-block-uagb-info-box uagb-block-rcf0atii uagb-infobox__content-wrap  uagb-infobox-icon-above-title uagb-infobox-image-valign-top\"><div class=\"uagb-ifb-content\"><div class=\"uagb-ifb-title-wrap\"><\/div><p class=\"uagb-ifb-desc\">Nous vous pr\u00e9sentons les raisons les plus importantes qui nous distinguent dans notre mission scientifique et \u00e9ducative&nbsp;:<\/p><\/div><\/div>\n<\/div>\n\n\n\n<div class=\"wp-block-uagb-container uagb-block-bwvk3d9g\">\n<div class=\"wp-block-uagb-info-box uagb-block-jlnyujge uagb-infobox__content-wrap  uagb-infobox-icon-above-title uagb-infobox-image-valign-top\"><div class=\"uagb-ifb-content\"><div class=\"uagb-ifb-title-wrap\"><p class=\"uagb-ifb-title-prefix\">1<\/p><h3 class=\"uagb-ifb-title\">Innovation scientifique<\/h3><\/div><p class=\"uagb-ifb-desc\">Nous travaillons sans cesse \u00e0 introduire des m\u00e9thodes p\u00e9dagogiques modernes, \u00e0 d\u00e9velopper des syst\u00e8mes de projets de fin d&#8217;\u00e9tudes et \u00e0 \u00e9laborer des programmes universitaires conformes aux normes internationales.<\/p><\/div><\/div>\n\n\n\n<div class=\"wp-block-uagb-info-box uagb-block-jwg2oa03 uagb-infobox__content-wrap  uagb-infobox-icon-above-title uagb-infobox-image-valign-top\"><div class=\"uagb-ifb-content\"><div class=\"uagb-ifb-title-wrap\"><p class=\"uagb-ifb-title-prefix\">2<\/p><h3 class=\"uagb-ifb-title\">Exp\u00e9rience acad\u00e9mique<\/h3><\/div><p class=\"uagb-ifb-desc\">Notre \u00e9quipe comprend des \u00e9tudiants et des universitaires syriens exp\u00e9riment\u00e9s en Europe, poss\u00e9dant des exp\u00e9riences diverses en termes de quantit\u00e9 et de qualit\u00e9, qui offrent leur expertise pour soutenir la recherche scientifique, d\u00e9velopper du contenu \u00e9ducatif et accompagner les \u00e9tudiants.<\/p><\/div><\/div>\n\n\n\n<div class=\"wp-block-uagb-info-box uagb-block-jnooyehr uagb-infobox__content-wrap  uagb-infobox-icon-above-title uagb-infobox-image-valign-top\"><div class=\"uagb-ifb-content\"><div class=\"uagb-ifb-title-wrap\"><p class=\"uagb-ifb-title-prefix\">3<\/p><h3 class=\"uagb-ifb-title\">Coop\u00e9ration et partenariats<\/h3><\/div><p class=\"uagb-ifb-desc\">Nous croyons fermement au travail d&#8217;\u00e9quipe et \u00e0 la n\u00e9cessit\u00e9 d&#8217;une int\u00e9gration entre les diff\u00e9rentes initiatives, ainsi qu&#8217;\u00e0 la n\u00e9cessit\u00e9 d&#8217;une coop\u00e9ration entre les universit\u00e9s syriennes et \u00e9trang\u00e8res, que ce soit avec des universit\u00e9s internationales, des entreprises ou des organisations gouvernementales et non gouvernementales, afin de cr\u00e9er un environnement acad\u00e9mique interactif qui ouvre de nouveaux horizons et de nouvelles opportunit\u00e9s pour les \u00e9tudiants et les chercheurs.<\/p><\/div><\/div>\n<\/div>\n\n\n\n<div class=\"wp-block-uagb-info-box uagb-block-8b6cd29c uagb-infobox__content-wrap  uagb-infobox-icon-above-title uagb-infobox-image-valign-top\"><div class=\"uagb-ifb-content\"><div class=\"uagb-ifb-icon-wrap\"><svg xmlns=\"https:\/\/www.w3.org\/2000\/svg\" viewBox=\"0 0 512 512\"><path d=\"M0 256C0 114.6 114.6 0 256 0C397.4 0 512 114.6 512 256C512 397.4 397.4 512 256 512C114.6 512 0 397.4 0 256zM371.8 211.8C382.7 200.9 382.7 183.1 371.8 172.2C360.9 161.3 343.1 161.3 332.2 172.2L224 280.4L179.8 236.2C168.9 225.3 151.1 225.3 140.2 236.2C129.3 247.1 129.3 264.9 140.2 275.8L204.2 339.8C215.1 350.7 232.9 350.7 243.8 339.8L371.8 211.8z\"><\/path><\/svg><\/div><div class=\"uagb-ifb-title-wrap\"><h3 class=\"uagb-ifb-title\">Domaines d&#8217;intervention de l&#8217;initiative<\/h3><\/div><\/div><\/div>\n\n\n\n<div class=\"wp-block-uagb-container uagb-block-2b198d2b\">\n<div class=\"wp-block-uagb-info-box uagb-block-df5bc220 uagb-infobox__content-wrap  uagb-infobox-icon-above-title uagb-infobox-image-valign-top\"><div class=\"uagb-ifb-content\"><div class=\"uagb-ifb-title-wrap\"><p class=\"uagb-ifb-title-prefix\">1<\/p><h3 class=\"uagb-ifb-title\">D\u00e9veloppement des programmes d&#8217;\u00e9tudes<\/h3><\/div><p class=\"uagb-ifb-desc\">Nous travaillons constamment en coop\u00e9ration avec des enseignants de toutes les disciplines universitaires afin de d\u00e9velopper des contenus p\u00e9dagogiques qui suivent l&#8217;\u00e9volution des pratiques adopt\u00e9es dans les universit\u00e9s de pointe, et de mettre en place des accords de coop\u00e9ration pour faciliter ce d\u00e9veloppement et en assurer la continuit\u00e9.<\/p><\/div><\/div>\n\n\n\n<div class=\"wp-block-uagb-info-box uagb-block-e5b6aeed uagb-infobox__content-wrap  uagb-infobox-icon-above-title uagb-infobox-image-valign-top\"><div class=\"uagb-ifb-content\"><div class=\"uagb-ifb-title-wrap\"><p class=\"uagb-ifb-title-prefix\">2<\/p><h3 class=\"uagb-ifb-title\">Int\u00e9gration professionnelle universitaire<\/h3><\/div><p class=\"uagb-ifb-desc\">Nous pensons que combler le foss\u00e9 entre l&#8217;enseignement universitaire et la vie professionnelle est un objectif cl\u00e9, et nous \u0153uvrons \u00e0 cet effet en d\u00e9veloppant des syst\u00e8mes de projets de fin d&#8217;\u00e9tudes, en proposant une formation professionnelle aux jeunes dipl\u00f4m\u00e9s, en promouvant une culture de l&#8217;entrepreneuriat et en diffusant une culture de la recherche scientifique et de l&#8217;\u00e9dition universitaire.<\/p><\/div><\/div>\n\n\n\n<div class=\"wp-block-uagb-info-box uagb-block-7c83a4b8 uagb-infobox__content-wrap  uagb-infobox-icon-above-title uagb-infobox-image-valign-top\"><div class=\"uagb-ifb-content\"><div class=\"uagb-ifb-title-wrap\"><p class=\"uagb-ifb-title-prefix\">3<\/p><h3 class=\"uagb-ifb-title\">Soutien aux \u00e9tudiants<\/h3><\/div><p class=\"uagb-ifb-desc\">Soutenir directement les \u00e9tudiants est la voie la plus rapide pour rehausser le niveau de l&#8217;enseignement sup\u00e9rieur. Nous sommes convaincus que la r\u00e9ussite individuelle renforce la r\u00e9ussite collective du processus \u00e9ducatif et garantit la pr\u00e9sence de personnes comp\u00e9tentes, capables de le piloter efficacement et positivement.<\/p><\/div><\/div>\n<\/div>\n<\/div><\/div>\n","protected":false},"excerpt":{"rendered":"","protected":false},"author":2,"featured_media":0,"parent":0,"menu_order":0,"comment_status":"closed","ping_status":"closed","template":"","meta":{"_uag_custom_page_level_css":"","site-sidebar-layout":"default","site-content-layout":"","ast-site-content-layout":"full-width-container","site-content-style":"default","site-sidebar-style":"default","ast-global-header-display":"","ast-banner-title-visibility":"","ast-main-header-display":"","ast-hfb-above-header-display":"","ast-hfb-below-header-display":"","ast-hfb-mobile-header-display":"","site-post-title":"disabled","ast-breadcrumbs-content":"","ast-featured-img":"","footer-sml-layout":"","ast-disable-related-posts":"","theme-transparent-header-meta":"","adv-header-id-meta":"","stick-header-meta":"","header-above-stick-meta":"","header-main-stick-meta":"","header-below-stick-meta":"","astra-migrate-meta-layouts":"set","ast-page-background-enabled":"default","ast-page-background-meta":{"desktop":{"background-color":"","background-image":"","background-repeat":"repeat","background-position":"center center","background-size":"auto","background-attachment":"scroll","background-type":"","background-media":"","overlay-type":"","overlay-color":"","overlay-opacity":"","overlay-gradient":""},"tablet":{"background-color":"","background-image":"","background-repeat":"repeat","background-position":"center center","background-size":"auto","background-attachment":"scroll","background-type":"","background-media":"","overlay-type":"","overlay-color":"","overlay-opacity":"","overlay-gradient":""},"mobile":{"background-color":"","background-image":"","background-repeat":"repeat","background-position":"center center","background-size":"auto","background-attachment":"scroll","background-type":"","background-media":"","overlay-type":"","overlay-color":"","overlay-opacity":"","overlay-gradient":""}},"ast-content-background-meta":{"desktop":{"background-color":"var(--ast-global-color-5)","background-image":"","background-repeat":"repeat","background-position":"center center","background-size":"auto","background-attachment":"scroll","background-type":"","background-media":"","overlay-type":"","overlay-color":"","overlay-opacity":"","overlay-gradient":""},"tablet":{"background-color":"var(--ast-global-color-5)","background-image":"","background-repeat":"repeat","background-position":"center center","background-size":"auto","background-attachment":"scroll","background-type":"","background-media":"","overlay-type":"","overlay-color":"","overlay-opacity":"","overlay-gradient":""},"mobile":{"background-color":"var(--ast-global-color-5)","background-image":"","background-repeat":"repeat","background-position":"center center","background-size":"auto","background-attachment":"scroll","background-type":"","background-media":"","overlay-type":"","overlay-color":"","overlay-opacity":"","overlay-gradient":""}},"footnotes":""},"class_list":["post-3005","page","type-page","status-publish","hentry"],"uagb_featured_image_src":{"full":false,"thumbnail":false,"medium":false,"medium_large":false,"large":false,"1536x1536":false,"2048x2048":false},"uagb_author_info":{"display_name":"Ahmad Alalewi","author_link":"https:\/\/www.scikeys.org\/dev\/author\/ahmad-alalewi\/"},"uagb_comment_info":0,"uagb_excerpt":null,"_links":{"self":[{"href":"https:\/\/www.scikeys.org\/dev\/wp-json\/wp\/v2\/pages\/3005","targetHints":{"allow":["GET"]}}],"collection":[{"href":"https:\/\/www.scikeys.org\/dev\/wp-json\/wp\/v2\/pages"}],"about":[{"href":"https:\/\/www.scikeys.org\/dev\/wp-json\/wp\/v2\/types\/page"}],"author":[{"embeddable":true,"href":"https:\/\/www.scikeys.org\/dev\/wp-json\/wp\/v2\/users\/2"}],"replies":[{"embeddable":true,"href":"https:\/\/www.scikeys.org\/dev\/wp-json\/wp\/v2\/comments?post=3005"}],"version-history":[{"count":2,"href":"https:\/\/www.scikeys.org\/dev\/wp-json\/wp\/v2\/pages\/3005\/revisions"}],"predecessor-version":[{"id":3252,"href":"https:\/\/www.scikeys.org\/dev\/wp-json\/wp\/v2\/pages\/3005\/revisions\/3252"}],"wp:attachment":[{"href":"https:\/\/www.scikeys.org\/dev\/wp-json\/wp\/v2\/media?parent=3005"}],"curies":[{"name":"wp","href":"https:\/\/api.w.org\/{rel}","templated":true}]}}