{"id":3002,"date":"2025-09-13T03:01:37","date_gmt":"2025-09-13T01:01:37","guid":{"rendered":"https:\/\/www.scikeys.org\/dev\/?page_id=3002"},"modified":"2026-01-07T12:13:02","modified_gmt":"2026-01-07T11:13:02","slug":"uber","status":"publish","type":"page","link":"https:\/\/www.scikeys.org\/dev\/de\/uber\/","title":{"rendered":"\u00dcber die Initiative"},"content":{"rendered":"\n<div class=\"wp-block-uagb-container uagb-block-wdks4ahp alignfull uagb-is-root-container\"><div class=\"uagb-container-inner-blocks-wrap\">\n<div class=\"wp-block-uagb-info-box uagb-block-tf8e3lw2 uagb-infobox__content-wrap  uagb-infobox-icon-above-title uagb-infobox-image-valign-top\"><div class=\"uagb-ifb-content\"><div class=\"uagb-ifb-title-wrap\"><h1 class=\"uagb-ifb-title\">\u00dcber die Initiative<\/h1><\/div><p class=\"uagb-ifb-desc\">Erfahren Sie, wie wir Wissensbr\u00fccken zwischen Syrien und der Welt bauen.<\/p><\/div><\/div>\n<\/div><\/div>\n\n\n\n<div class=\"wp-block-uagb-container uagb-block-z8uzgtsm alignfull uagb-is-root-container\"><div class=\"uagb-container-inner-blocks-wrap\"><\/div><\/div>\n\n\n\n<div class=\"wp-block-uagb-container uagb-block-yc1zin1u alignfull uagb-is-root-container\"><div class=\"uagb-container-inner-blocks-wrap\">\n<div class=\"wp-block-uagb-image alignleft uagb-block-8tto8bzu wp-block-uagb-image--layout-default wp-block-uagb-image--effect-static wp-block-uagb-image--align-left\"><figure class=\"wp-block-uagb-image__figure\"><img decoding=\"async\" srcset=\"https:\/\/scikeys.org\/wp-content\/uploads\/2025\/09\/SciKeys-1024x1024.png ,https:\/\/scikeys.org\/wp-content\/uploads\/2025\/09\/SciKeys-scaled.png 780w, https:\/\/scikeys.org\/wp-content\/uploads\/2025\/09\/SciKeys-scaled.png 360w\" sizes=\"auto, (max-width: 480px) 150px\" src=\"https:\/\/scikeys.org\/wp-content\/uploads\/2025\/09\/SciKeys-1024x1024.png\" alt=\"\" class=\"uag-image-1608\" width=\"564\" height=\"450\" title=\"SciKeys\" loading=\"lazy\" role=\"img\"\/><\/figure><\/div>\n\n\n\n<div class=\"wp-block-uagb-container uagb-block-3wlauol5\">\n<div class=\"wp-block-uagb-info-box uagb-block-qrrszku4 uagb-infobox__content-wrap  uagb-infobox-icon-above-title uagb-infobox-image-valign-top\"><div class=\"uagb-ifb-content\"><div class=\"uagb-ifb-title-wrap\"><h2 class=\"uagb-ifb-title\">Unsere Geschichte<\/h2><\/div><p class=\"uagb-ifb-desc\">Die Initiative \u201eSciences Keys\u201c begann mit einer klaren Vision: Syrien eine wissenschaftliche und kreative Zukunft zu gestalten. Unser Team wird in den kommenden Jahren daran arbeiten, Kompetenzen zu erweitern und Horizonte zu vertiefen, um eine fortschrittliche Wissensgesellschaft zu schaffen, die Innovationen und Entdeckungen erm\u00f6glicht. Wir sind entschlossen, Grenzen zu \u00fcberschreiten, neue Ma\u00dfst\u00e4be zu setzen und andere zu inspirieren, uns auf diesem Weg zu einem Syrien zu begleiten, das sich der Welt \u00f6ffnet und in dem Wissenschaft und Wissen frei zug\u00e4nglich sind.<\/p><\/div><\/div>\n<\/div>\n<\/div><\/div>\n\n\n\n<div class=\"wp-block-uagb-container uagb-block-wmsv1upx alignfull uagb-is-root-container\"><div class=\"uagb-container-inner-blocks-wrap\">\n<div class=\"wp-block-uagb-container uagb-block-qynqvowq\">\n<div class=\"wp-block-uagb-info-box uagb-block-lfliqfvh uagb-infobox__content-wrap  uagb-infobox-icon-above-title uagb-infobox-image-valign-top\"><div class=\"uagb-ifb-content\"><div class=\"uagb-ifb-title-wrap\"><h2 class=\"uagb-ifb-title\">Warum sollte man sich f\u00fcr die Initiative \u201eSciences Keys\u201c entscheiden?<\/h2><\/div><\/div><\/div>\n\n\n\n<div class=\"wp-block-uagb-info-box uagb-block-rcf0atii uagb-infobox__content-wrap  uagb-infobox-icon-above-title uagb-infobox-image-valign-top\"><div class=\"uagb-ifb-content\"><div class=\"uagb-ifb-title-wrap\"><\/div><p class=\"uagb-ifb-desc\">Wir pr\u00e4sentieren Ihnen die wichtigsten Gr\u00fcnde, die uns in unserer wissenschaftlichen und p\u00e4dagogischen Mission auszeichnen:<\/p><\/div><\/div>\n<\/div>\n\n\n\n<div class=\"wp-block-uagb-container uagb-block-bwvk3d9g\">\n<div class=\"wp-block-uagb-info-box uagb-block-jlnyujge uagb-infobox__content-wrap  uagb-infobox-icon-above-title uagb-infobox-image-valign-top\"><div class=\"uagb-ifb-content\"><div class=\"uagb-ifb-title-wrap\"><p class=\"uagb-ifb-title-prefix\">1<\/p><h3 class=\"uagb-ifb-title\">Wissenschaftliche Innovation<\/h3><\/div><p class=\"uagb-ifb-desc\">Wir arbeiten kontinuierlich daran, moderne Lehrmethoden einzuf\u00fchren, Abschlussprojektsysteme zu entwickeln und die Universit\u00e4tslehrpl\u00e4ne an internationale Standards anzupassen.<\/p><\/div><\/div>\n\n\n\n<div class=\"wp-block-uagb-info-box uagb-block-jwg2oa03 uagb-infobox__content-wrap  uagb-infobox-icon-above-title uagb-infobox-image-valign-top\"><div class=\"uagb-ifb-content\"><div class=\"uagb-ifb-title-wrap\"><p class=\"uagb-ifb-title-prefix\">2<\/p><h3 class=\"uagb-ifb-title\">Akademische Erfahrung<\/h3><\/div><p class=\"uagb-ifb-desc\">Unser Team umfasst erfahrene syrische Studenten und Akademiker in Europa mit vielf\u00e4ltigen Erfahrungen in Bezug auf Quantit\u00e4t und Qualit\u00e4t, die ihr Fachwissen zur Unterst\u00fctzung der wissenschaftlichen Forschung, zur Entwicklung von Lehrinhalten und zur Unterst\u00fctzung der Studenten einbringen.<\/p><\/div><\/div>\n\n\n\n<div class=\"wp-block-uagb-info-box uagb-block-jnooyehr uagb-infobox__content-wrap  uagb-infobox-icon-above-title uagb-infobox-image-valign-top\"><div class=\"uagb-ifb-content\"><div class=\"uagb-ifb-title-wrap\"><p class=\"uagb-ifb-title-prefix\">3<\/p><h3 class=\"uagb-ifb-title\">Zusammenarbeit und Partnerschaften<\/h3><\/div><p class=\"uagb-ifb-desc\">Wir sind fest von der Bedeutung von Teamarbeit und der Notwendigkeit der Integration verschiedener Initiativen \u00fcberzeugt. Dar\u00fcber hinaus ist die Zusammenarbeit zwischen syrischen und ausl\u00e4ndischen Universit\u00e4ten, sei es mit internationalen Universit\u00e4ten, Unternehmen oder staatlichen und nichtstaatlichen Organisationen, unerl\u00e4sslich, um ein interaktives akademisches Umfeld zu schaffen, das Studenten und Forschern neue Horizonte und M\u00f6glichkeiten er\u00f6ffnet.<\/p><\/div><\/div>\n<\/div>\n\n\n\n<div class=\"wp-block-uagb-info-box uagb-block-8b6cd29c uagb-infobox__content-wrap  uagb-infobox-icon-above-title uagb-infobox-image-valign-top\"><div class=\"uagb-ifb-content\"><div class=\"uagb-ifb-icon-wrap\"><svg xmlns=\"https:\/\/www.w3.org\/2000\/svg\" viewBox=\"0 0 512 512\"><path d=\"M0 256C0 114.6 114.6 0 256 0C397.4 0 512 114.6 512 256C512 397.4 397.4 512 256 512C114.6 512 0 397.4 0 256zM371.8 211.8C382.7 200.9 382.7 183.1 371.8 172.2C360.9 161.3 343.1 161.3 332.2 172.2L224 280.4L179.8 236.2C168.9 225.3 151.1 225.3 140.2 236.2C129.3 247.1 129.3 264.9 140.2 275.8L204.2 339.8C215.1 350.7 232.9 350.7 243.8 339.8L371.8 211.8z\"><\/path><\/svg><\/div><div class=\"uagb-ifb-title-wrap\"><h3 class=\"uagb-ifb-title\">Arbeitsbereiche der Initiative<\/h3><\/div><\/div><\/div>\n\n\n\n<div class=\"wp-block-uagb-container uagb-block-2b198d2b\">\n<div class=\"wp-block-uagb-info-box uagb-block-df5bc220 uagb-infobox__content-wrap  uagb-infobox-icon-above-title uagb-infobox-image-valign-top\"><div class=\"uagb-ifb-content\"><div class=\"uagb-ifb-title-wrap\"><p class=\"uagb-ifb-title-prefix\">1<\/p><h4 class=\"uagb-ifb-title\">Lehrplanentwicklung<\/h4><\/div><p class=\"uagb-ifb-desc\">Wir arbeiten kontinuierlich mit Dozenten aller Universit\u00e4tsdisziplinen zusammen, um Lehrinhalte zu entwickeln, die mit den neuesten Entwicklungen an fortgeschrittenen Universit\u00e4ten Schritt halten, und um Kooperationsvereinbarungen zu entwickeln, die diese Entwicklung erleichtern und ihre Kontinuit\u00e4t gew\u00e4hrleisten.<\/p><\/div><\/div>\n\n\n\n<div class=\"wp-block-uagb-info-box uagb-block-e5b6aeed uagb-infobox__content-wrap  uagb-infobox-icon-above-title uagb-infobox-image-valign-top\"><div class=\"uagb-ifb-content\"><div class=\"uagb-ifb-title-wrap\"><p class=\"uagb-ifb-title-prefix\">2<\/p><h4 class=\"uagb-ifb-title\">Akademische berufliche Integration<\/h4><\/div><p class=\"uagb-ifb-desc\">Wir sind davon \u00fcberzeugt, dass die \u00dcberbr\u00fcckung der Kluft zwischen akademischer Ausbildung und Berufsleben ein zentrales Ziel ist, und wir arbeiten darauf hin, indem wir Abschlussprojektsysteme entwickeln, Berufsausbildungen f\u00fcr Hochschulabsolventen anbieten, eine Kultur des Unternehmertums f\u00f6rdern und eine Kultur der wissenschaftlichen Forschung und des akademischen Publizierens verbreiten.<\/p><\/div><\/div>\n\n\n\n<div class=\"wp-block-uagb-info-box uagb-block-7c83a4b8 uagb-infobox__content-wrap  uagb-infobox-icon-above-title uagb-infobox-image-valign-top\"><div class=\"uagb-ifb-content\"><div class=\"uagb-ifb-title-wrap\"><p class=\"uagb-ifb-title-prefix\">3<\/p><h4 class=\"uagb-ifb-title\">Studentenbetreuung<\/h4><\/div><p class=\"uagb-ifb-desc\">Die direkte Unterst\u00fctzung von Studierenden ist der k\u00fcrzeste Weg, den Standard der Hochschulbildung zu heben. Wir sind \u00fcberzeugt, dass die Summe individueller Erfolge den kollektiven Erfolg des Bildungsprozesses st\u00e4rkt und die Verf\u00fcgbarkeit kompetenter Pers\u00f6nlichkeiten sichert, die den Bildungsprozess effektiv und positiv gestalten k\u00f6nnen.<\/p><\/div><\/div>\n<\/div>\n<\/div><\/div>\n","protected":false},"excerpt":{"rendered":"","protected":false},"author":2,"featured_media":0,"parent":0,"menu_order":0,"comment_status":"closed","ping_status":"closed","template":"","meta":{"_uag_custom_page_level_css":"","site-sidebar-layout":"default","site-content-layout":"","ast-site-content-layout":"full-width-container","site-content-style":"default","site-sidebar-style":"default","ast-global-header-display":"","ast-banner-title-visibility":"","ast-main-header-display":"","ast-hfb-above-header-display":"","ast-hfb-below-header-display":"","ast-hfb-mobile-header-display":"","site-post-title":"disabled","ast-breadcrumbs-content":"","ast-featured-img":"","footer-sml-layout":"","ast-disable-related-posts":"","theme-transparent-header-meta":"","adv-header-id-meta":"","stick-header-meta":"","header-above-stick-meta":"","header-main-stick-meta":"","header-below-stick-meta":"","astra-migrate-meta-layouts":"set","ast-page-background-enabled":"default","ast-page-background-meta":{"desktop":{"background-color":"","background-image":"","background-repeat":"repeat","background-position":"center center","background-size":"auto","background-attachment":"scroll","background-type":"","background-media":"","overlay-type":"","overlay-color":"","overlay-opacity":"","overlay-gradient":""},"tablet":{"background-color":"","background-image":"","background-repeat":"repeat","background-position":"center center","background-size":"auto","background-attachment":"scroll","background-type":"","background-media":"","overlay-type":"","overlay-color":"","overlay-opacity":"","overlay-gradient":""},"mobile":{"background-color":"","background-image":"","background-repeat":"repeat","background-position":"center center","background-size":"auto","background-attachment":"scroll","background-type":"","background-media":"","overlay-type":"","overlay-color":"","overlay-opacity":"","overlay-gradient":""}},"ast-content-background-meta":{"desktop":{"background-color":"var(--ast-global-color-5)","background-image":"","background-repeat":"repeat","background-position":"center center","background-size":"auto","background-attachment":"scroll","background-type":"","background-media":"","overlay-type":"","overlay-color":"","overlay-opacity":"","overlay-gradient":""},"tablet":{"background-color":"var(--ast-global-color-5)","background-image":"","background-repeat":"repeat","background-position":"center center","background-size":"auto","background-attachment":"scroll","background-type":"","background-media":"","overlay-type":"","overlay-color":"","overlay-opacity":"","overlay-gradient":""},"mobile":{"background-color":"var(--ast-global-color-5)","background-image":"","background-repeat":"repeat","background-position":"center center","background-size":"auto","background-attachment":"scroll","background-type":"","background-media":"","overlay-type":"","overlay-color":"","overlay-opacity":"","overlay-gradient":""}},"footnotes":""},"class_list":["post-3002","page","type-page","status-publish","hentry"],"uagb_featured_image_src":{"full":false,"thumbnail":false,"medium":false,"medium_large":false,"large":false,"1536x1536":false,"2048x2048":false},"uagb_author_info":{"display_name":"Ahmad Alalewi","author_link":"https:\/\/www.scikeys.org\/dev\/author\/ahmad-alalewi\/"},"uagb_comment_info":0,"uagb_excerpt":null,"_links":{"self":[{"href":"https:\/\/www.scikeys.org\/dev\/wp-json\/wp\/v2\/pages\/3002","targetHints":{"allow":["GET"]}}],"collection":[{"href":"https:\/\/www.scikeys.org\/dev\/wp-json\/wp\/v2\/pages"}],"about":[{"href":"https:\/\/www.scikeys.org\/dev\/wp-json\/wp\/v2\/types\/page"}],"author":[{"embeddable":true,"href":"https:\/\/www.scikeys.org\/dev\/wp-json\/wp\/v2\/users\/2"}],"replies":[{"embeddable":true,"href":"https:\/\/www.scikeys.org\/dev\/wp-json\/wp\/v2\/comments?post=3002"}],"version-history":[{"count":3,"href":"https:\/\/www.scikeys.org\/dev\/wp-json\/wp\/v2\/pages\/3002\/revisions"}],"predecessor-version":[{"id":3251,"href":"https:\/\/www.scikeys.org\/dev\/wp-json\/wp\/v2\/pages\/3002\/revisions\/3251"}],"wp:attachment":[{"href":"https:\/\/www.scikeys.org\/dev\/wp-json\/wp\/v2\/media?parent=3002"}],"curies":[{"name":"wp","href":"https:\/\/api.w.org\/{rel}","templated":true}]}}