{"id":2461,"date":"2025-10-01T00:06:11","date_gmt":"2025-09-30T22:06:11","guid":{"rendered":"https:\/\/scikeys.org\/?page_id=2461"},"modified":"2026-01-07T02:09:31","modified_gmt":"2026-01-07T01:09:31","slug":"mentions-legales","status":"publish","type":"page","link":"https:\/\/www.scikeys.org\/dev\/fr\/mentions-legales\/","title":{"rendered":"Mentions L\u00e9gales"},"content":{"rendered":"\n<div class=\"wp-block-uagb-container uagb-block-da691204 alignfull uagb-is-root-container\"><div class=\"uagb-container-inner-blocks-wrap\">\n<h1 class=\"privacy-policy-h1\">Mentions L\u00e9gales\n<br><span style=\"font-size:14px;font-weight:normal;\">Derni\u00e8re mise \u00e0 jour : 30 septembre 2025<\/span>\n<\/h1>\n\n<p class=\"privacy-policy-p\">\n    Conform\u00e9ment aux dispositions des Articles 6-III et 19 de la Loi n\u00b02004-575 du 21 juin 2004 pour la Confiance dans l\u2019\u00e9conomie num\u00e9rique (L.C.E.N.), il est port\u00e9 \u00e0 la connaissance des utilisateurs du site <a href=\"\/\">https:\/\/scikeys.org<\/a> les pr\u00e9sentes mentions l\u00e9gales.\n<\/p>\n\n<ol class=\"privacy-policy-ol\">\n    <li>\n        <h2 class=\"privacy-policy-h2\">\u00c9diteur du site :<\/h2>\n        <p class=\"privacy-policy-p\">\n            Le site est \u00e9dit\u00e9 par l&#8217;association <strong>SCIENCES KEYS<\/strong> :\n            <br>\n            <strong>Forme juridique :<\/strong> Association d\u00e9clar\u00e9e (loi 1901)\n            <br>\n            <strong>Si\u00e8ge social :<\/strong> 5 rue Maryse Basti\u00e9, 75013 Paris, France\n            <br>\n            <strong>SIREN :<\/strong> 945063337 | <strong>SIRET :<\/strong> 94506333700014\n            <br>\n            <strong>N\u00b0 RNA :<\/strong> W751279353\n            <br>\n            <strong>Code NAF\/APE :<\/strong> 94.99Z\n            <br>\n            <strong>Email :<\/strong> <a href=\"mailto:info@scikeys.org\">info@scikeys.org<\/a>\n            <br>\n            <strong>T\u00e9l\u00e9phone :<\/strong> +49 15755229655\n        <\/p>\n    <\/li>\n\n    <li>\n        <h2 class=\"privacy-policy-h2\">Directeur de la publication :<\/h2>\n        <p class=\"privacy-policy-p\">\n            Le directeur de la publication est le repr\u00e9sentant l\u00e9gal de l\u2019association : <strong>Anas Ammounah<\/strong>.\n        <\/p>\n    <\/li>\n\n<li>\n        <h2 class=\"privacy-policy-h2\">H\u00e9bergement :<\/h2>\n        <p class=\"privacy-policy-p\">\n            Le site est h\u00e9berg\u00e9 par :\n            <br>\n            <strong>o2switch<\/strong>\n            <br>\n            Chemin des Pardiaux, 63000 Clermont-Ferrand, France\n            <br>\n            Siret : 510 909 807 00032\n            <br>\n            Site web : <a target=\"_blank\" href=\"https:\/\/www.o2switch.fr\">https:\/\/www.o2switch.fr<\/a>\n        <\/p>\n    <\/li>\n\n    <li>\n        <h2 class=\"privacy-policy-h2\">Propri\u00e9t\u00e9 intellectuelle :<\/h2>\n        <p class=\"privacy-policy-p\">\n            L&#8217;ensemble des contenus pr\u00e9sents sur ce site (textes, images, logos, vid\u00e9os, etc.) est prot\u00e9g\u00e9 par le droit de la propri\u00e9t\u00e9 intellectuelle et appartient \u00e0 <strong>SCIENCES KEYS<\/strong>. Toute reproduction, repr\u00e9sentation, modification, publication, adaptation de tout ou partie des \u00e9l\u00e9ments du site, quel que soit le moyen ou le proc\u00e9d\u00e9 utilis\u00e9, est interdite, sauf autorisation \u00e9crite pr\u00e9alable.\n        <\/p>\n    <\/li>\n\n    <li>\n        <h2 class=\"privacy-policy-h2\">Politique de dons :<\/h2>\n        <p class=\"privacy-policy-p\">\n            Les dons effectu\u00e9s via PayPal ou virement bancaire sont exclusivement affect\u00e9s aux activit\u00e9s de l&#8217;association conform\u00e9ment \u00e0 ses statuts. Les informations bancaires sont trait\u00e9es de mani\u00e8re s\u00e9curis\u00e9e et uniquement pour r\u00e9pondre aux obligations l\u00e9gales et comptables.\n        <\/p>\n    <\/li>\n\n    <li>\n        <h2 class=\"privacy-policy-h2\">Donn\u00e9es personnelles et Cookies :<\/h2>\n        <p class=\"privacy-policy-p\">\n            Pour toute information sur la collecte et le traitement de vos donn\u00e9es, veuillez consulter notre \n            <a href=\"\/fr\/politique-de-confidentialite\/\">Politique de Confidentialit\u00e9<\/a> et notre \n            <a href=\"\/fr\/politique-relative-aux-cookies\/\">Politique relative aux Cookies<\/a>.\n        <\/p>\n    <\/li>\n\n    <li>\n        <h2 class=\"privacy-policy-h2\">Contact :<\/h2>\n        <p class=\"privacy-policy-p\">\n            Pour toute question ou signalement, vous pouvez nous contacter par e-mail \u00e0 : \n            <a href=\"mailto:info@scikeys.org\">info@scikeys.org<\/a>.\n        <\/p>\n    <\/li>\n<\/ol>\n<\/div><\/div>\n","protected":false},"excerpt":{"rendered":"<p>Mentions L\u00e9gales Derni\u00e8re mise \u00e0 jour : 30 septembre 2025 Conform\u00e9ment aux dispositions des Articles 6-III et 19 de la Loi n\u00b02004-575 du 21 juin 2004 pour la Confiance dans l\u2019\u00e9conomie num\u00e9rique (L.C.E.N.), il est port\u00e9 \u00e0 la connaissance des utilisateurs du site https:\/\/scikeys.org les pr\u00e9sentes mentions l\u00e9gales. \u00c9diteur du site : Le site est [&hellip;]<\/p>\n","protected":false},"author":2,"featured_media":0,"parent":0,"menu_order":0,"comment_status":"closed","ping_status":"closed","template":"","meta":{"_uag_custom_page_level_css":"","site-sidebar-layout":"default","site-content-layout":"","ast-site-content-layout":"full-width-container","site-content-style":"default","site-sidebar-style":"default","ast-global-header-display":"","ast-banner-title-visibility":"","ast-main-header-display":"","ast-hfb-above-header-display":"","ast-hfb-below-header-display":"","ast-hfb-mobile-header-display":"","site-post-title":"disabled","ast-breadcrumbs-content":"","ast-featured-img":"","footer-sml-layout":"","ast-disable-related-posts":"","theme-transparent-header-meta":"","adv-header-id-meta":"","stick-header-meta":"","header-above-stick-meta":"","header-main-stick-meta":"","header-below-stick-meta":"","astra-migrate-meta-layouts":"set","ast-page-background-enabled":"default","ast-page-background-meta":{"desktop":{"background-color":"","background-image":"","background-repeat":"repeat","background-position":"center center","background-size":"auto","background-attachment":"scroll","background-type":"","background-media":"","overlay-type":"","overlay-color":"","overlay-opacity":"","overlay-gradient":""},"tablet":{"background-color":"","background-image":"","background-repeat":"repeat","background-position":"center center","background-size":"auto","background-attachment":"scroll","background-type":"","background-media":"","overlay-type":"","overlay-color":"","overlay-opacity":"","overlay-gradient":""},"mobile":{"background-color":"","background-image":"","background-repeat":"repeat","background-position":"center center","background-size":"auto","background-attachment":"scroll","background-type":"","background-media":"","overlay-type":"","overlay-color":"","overlay-opacity":"","overlay-gradient":""}},"ast-content-background-meta":{"desktop":{"background-color":"var(--ast-global-color-5)","background-image":"","background-repeat":"repeat","background-position":"center center","background-size":"auto","background-attachment":"scroll","background-type":"","background-media":"","overlay-type":"","overlay-color":"","overlay-opacity":"","overlay-gradient":""},"tablet":{"background-color":"var(--ast-global-color-5)","background-image":"","background-repeat":"repeat","background-position":"center center","background-size":"auto","background-attachment":"scroll","background-type":"","background-media":"","overlay-type":"","overlay-color":"","overlay-opacity":"","overlay-gradient":""},"mobile":{"background-color":"var(--ast-global-color-5)","background-image":"","background-repeat":"repeat","background-position":"center center","background-size":"auto","background-attachment":"scroll","background-type":"","background-media":"","overlay-type":"","overlay-color":"","overlay-opacity":"","overlay-gradient":""}},"footnotes":""},"class_list":["post-2461","page","type-page","status-publish","hentry"],"uagb_featured_image_src":{"full":false,"thumbnail":false,"medium":false,"medium_large":false,"large":false,"1536x1536":false,"2048x2048":false},"uagb_author_info":{"display_name":"Ahmad Alalewi","author_link":"https:\/\/www.scikeys.org\/dev\/author\/ahmad-alalewi\/"},"uagb_comment_info":0,"uagb_excerpt":"Mentions L\u00e9gales Derni\u00e8re mise \u00e0 jour : 30 septembre 2025 Conform\u00e9ment aux dispositions des Articles 6-III et 19 de la Loi n\u00b02004-575 du 21 juin 2004 pour la Confiance dans l\u2019\u00e9conomie num\u00e9rique (L.C.E.N.), il est port\u00e9 \u00e0 la connaissance des utilisateurs du site https:\/\/scikeys.org les pr\u00e9sentes mentions l\u00e9gales. \u00c9diteur du site : Le site est&hellip;","_links":{"self":[{"href":"https:\/\/www.scikeys.org\/dev\/wp-json\/wp\/v2\/pages\/2461","targetHints":{"allow":["GET"]}}],"collection":[{"href":"https:\/\/www.scikeys.org\/dev\/wp-json\/wp\/v2\/pages"}],"about":[{"href":"https:\/\/www.scikeys.org\/dev\/wp-json\/wp\/v2\/types\/page"}],"author":[{"embeddable":true,"href":"https:\/\/www.scikeys.org\/dev\/wp-json\/wp\/v2\/users\/2"}],"replies":[{"embeddable":true,"href":"https:\/\/www.scikeys.org\/dev\/wp-json\/wp\/v2\/comments?post=2461"}],"version-history":[{"count":10,"href":"https:\/\/www.scikeys.org\/dev\/wp-json\/wp\/v2\/pages\/2461\/revisions"}],"predecessor-version":[{"id":3137,"href":"https:\/\/www.scikeys.org\/dev\/wp-json\/wp\/v2\/pages\/2461\/revisions\/3137"}],"wp:attachment":[{"href":"https:\/\/www.scikeys.org\/dev\/wp-json\/wp\/v2\/media?parent=2461"}],"curies":[{"name":"wp","href":"https:\/\/api.w.org\/{rel}","templated":true}]}}